{"id":2354,"date":"2025-09-18T16:46:13","date_gmt":"2025-09-18T16:46:13","guid":{"rendered":"https:\/\/vansbros.sk\/%e4%b8%aa%e4%ba%ba%e6%95%b0%e6%8d%ae%e4%bf%9d%e6%8a%a4%e6%94%bf%e7%ad%96\/"},"modified":"2026-04-14T07:47:39","modified_gmt":"2026-04-14T07:47:39","slug":"%e4%b8%aa%e4%ba%ba%e6%95%b0%e6%8d%ae%e4%bf%9d%e6%8a%a4%e6%94%bf%e7%ad%96","status":"publish","type":"page","link":"https:\/\/vansbros.sk\/zh-hans\/%e4%b8%aa%e4%ba%ba%e6%95%b0%e6%8d%ae%e4%bf%9d%e6%8a%a4%e6%94%bf%e7%ad%96\/","title":{"rendered":"\u4e2a\u4eba\u6570\u636e\u4fdd\u62a4\u653f\u7b56"},"content":{"rendered":"\t\t<div data-elementor-type=\"wp-page\" data-elementor-id=\"2354\" class=\"elementor elementor-2354 elementor-3\" data-elementor-post-type=\"page\">\n\t\t\t\t<div class=\"elementor-element elementor-element-530aff06 e-flex e-con-boxed e-con e-parent\" data-id=\"530aff06\" data-element_type=\"container\" data-e-type=\"container\" data-settings=\"{&quot;background_background&quot;:&quot;classic&quot;}\">\n\t\t\t\t\t<div class=\"e-con-inner\">\n\t\t\t\t\t<\/div>\n\t\t\t\t<\/div>\n\t\t<div class=\"elementor-element elementor-element-8577922 e-flex e-con-boxed e-con e-parent\" data-id=\"8577922\" data-element_type=\"container\" data-e-type=\"container\">\n\t\t\t\t\t<div class=\"e-con-inner\">\n\t\t\t\t<div class=\"elementor-element elementor-element-d3ebb1c elementor-widget elementor-widget-heading\" data-id=\"d3ebb1c\" data-element_type=\"widget\" data-e-type=\"widget\" data-widget_type=\"heading.default\">\n\t\t\t\t\t<h1 class=\"elementor-heading-title elementor-size-default\">\u4e2a\u4eba\u6570\u636e\u4fdd\u62a4\u653f\u7b56<\/h1>\t\t\t\t<\/div>\n\t\t\t\t<div class=\"elementor-element elementor-element-79dfe0f elementor-widget elementor-widget-text-editor\" data-id=\"79dfe0f\" data-element_type=\"widget\" data-e-type=\"widget\" data-widget_type=\"text-editor.default\">\n\t\t\t\t\t\t\t\t\t<p><strong>I. \u57fa\u672c\u89c4\u5b9a<br><\/strong><\/p><p>1. \u6839\u636e\u6b27\u6d32\u8bae\u4f1a\u53ca\u6b27\u76df\u7406\u4e8b\u4f1a\uff08EU\uff092016\/679\u53f7\u6761\u4f8b\u7b2c4\u6761\u7b2c7\u6b3e\u7684\u89c4\u5b9a\uff0c\u5c31\u81ea\u7136\u4eba\u4e2a\u4eba\u6570\u636e\u7684\u5904\u7406\u53ca\u5176\u81ea\u7531\u6d41\u901a\u4e8b\u5b9c\uff08\u300a\u901a\u7528\u6570\u636e\u4fdd\u62a4\u6761\u4f8b\u300b\uff0c\u4ee5\u4e0b\u7b80\u79f0GDPR\uff09\u7684\u4e2a\u4eba\u6570\u636e\u7ba1\u7406\u4eba\uff08\u4ee5\u4e0b\u7b80\u79f0\u300c\u7ba1\u7406\u4eba\u300d\uff09\u4e3a\uff1aVANS BROS &amp; CO. s. r. o.\uff0c\u516c\u53f8\u6ce8\u518c\u53f7\uff1a54 958 261\uff0c\u6ce8\u518c\u5730\u5740\uff1aSky Park \u2013 \u010culenova 7936\/5A, Bratislava \u2013 mestsk\u00e1 \u010das\u0165 Star\u00e9 Mesto 811 09\uff0c\u4e8e\u5c3c\u7279\u62c9\u5730\u533a\u6cd5\u9662\u767b\u8bb0\u6ce8\u518c\u3002<\/p><p>2. \u7ba1\u7406\u4eba\u8054\u7cfb\u65b9\u5f0f\u5982\u4e0b\uff1a<br>\u6ce8\u518c\u5730\u5740\uff1aSky Park \u2013 \u010culenova 7936\/5A, Bratislava \u2013 mestsk\u00e1 \u010das\u0165 Star\u00e9 Mesto 811 09<br><\/p><p>\u901a\u8baf\u5730\u5740\uff1aSky Park \u2013 \u010culenova 7936\/5A, Bratislava \u2013 mestsk\u00e1 \u010das\u0165 Star\u00e9 Mesto 811 09<br>\u7535\u5b50\u90ae\u4ef6\uff1avansbros.info@gmail.com<br>\u7535\u8bdd\uff1a+421 907 920 950<\/p><p>3. \u4e2a\u4eba\u6570\u636e\u662f\u6307\u4e0e\u5df2\u8bc6\u522b\u6216\u53ef\u8bc6\u522b\u7684\u81ea\u7136\u4eba\u76f8\u5173\u7684\u4e00\u5207\u4fe1\u606f\u3002\u53ef\u8bc6\u522b\u7684\u81ea\u7136\u4eba\u662f\u6307\u53ef\u76f4\u63a5\u6216\u95f4\u63a5\u88ab\u8bc6\u522b\u7684\u4e2a\u4eba\uff0c\u5c24\u5176\u662f\u901a\u8fc7\u59d3\u540d\u3001\u8eab\u4efd\u8bc1\u53f7\u3001\u4f4d\u7f6e\u6570\u636e\u3001\u7f51\u7edc\u6807\u8bc6\u7b26\u6216\u4e00\u9879\u6216\u591a\u9879\u6d89\u53ca\u5176\u81ea\u7136\u8eab\u4efd\u3001\u751f\u7406\u3001\u9057\u4f20\u3001\u5fc3\u7406\u3001\u7ecf\u6d4e\u3001\u6587\u5316\u6216\u793e\u4f1a\u8eab\u4efd\u7684\u7279\u5b9a\u8981\u7d20\u52a0\u4ee5\u8bc6\u522b\u3002<br><\/p><p><strong>II. \u4e2a\u4eba\u6570\u636e\u7684\u6765\u6e90\u53ca\u7c7b\u522b<br><\/strong><br>1. \u7ba1\u7406\u4eba\u5904\u7406\u7531\u6570\u636e\u4e3b\u4f53\u63d0\u4f9b\u6216\u57fa\u4e8e\u8ba2\u5355\u5c65\u884c\u800c\u83b7\u53d6\u7684\u4ee5\u4e0b\u4e2a\u4eba\u6570\u636e\uff1a<br>\u59d3\u540d\u53ca\u59d3\u6c0f<br>\u7535\u5b50\u90ae\u4ef6\u5730\u5740<br>\u90ae\u5bc4\u5730\u5740<br>\u7535\u8bdd\u53f7\u7801<br>\u516c\u53f8\u6ce8\u518c\u5730\u5740<br>\u53d1\u7968\u4fe1\u606f<\/p><p>2. \u7ba1\u7406\u4eba\u5904\u7406\u5408\u540c\u5c65\u884c\u6240\u5fc5\u9700\u7684\u8eab\u4efd\u8bc6\u522b\u6570\u636e\u53ca\u8054\u7cfb\u4fe1\u606f\u3002<\/p><p><strong>III. \u4e2a\u4eba\u6570\u636e\u5904\u7406\u7684\u6cd5\u5f8b\u4f9d\u636e\u53ca\u76ee\u7684<br><\/strong><br>1. \u4e2a\u4eba\u6570\u636e\u5904\u7406\u7684\u6cd5\u5f8b\u4f9d\u636e\u4e3a\uff1a<br>\u4f9d\u636eGDPR\u7b2c6\u6761\u7b2c1\u6b3e(b)\u9879\uff0c\u5c65\u884c\u60a8\u4e0e\u7ba1\u7406\u4eba\u4e4b\u95f4\u8ba2\u7acb\u7684\u5408\u540c\uff1b<br>\u4f9d\u636eGDPR\u7b2c6\u6761\u7b2c1\u6b3e(c)\u9879\uff0c\u5c65\u884c\u7ba1\u7406\u4eba\u7684\u6cd5\u5b9a\u4e49\u52a1\uff1b<br>\u4f9d\u636eGDPR\u7b2c6\u6761\u7b2c1\u6b3e(f)\u9879\uff0c\u57fa\u4e8e\u7ba1\u7406\u4eba\u5f00\u5c55\u76f4\u63a5\u8425\u9500\uff08\u5c24\u5176\u662f\u53d1\u9001\u5546\u4e1a\u63a8\u5e7f\u4fe1\u606f\u53ca\u7535\u5b50\u901a\u8baf\uff09\u7684\u6b63\u5f53\u5229\u76ca\uff1b<br>\u4f9d\u636eGDPR\u7b2c6\u6761\u7b2c1\u6b3e(a)\u9879\uff0c\u5728\u5546\u54c1\u6216\u670d\u52a1\u8ba2\u5355\u5df2\u63d0\u4ea4\u7684\u60c5\u51b5\u4e0b\uff0c\u57fa\u4e8e\u60a8\u7684\u540c\u610f\u5f00\u5c55\u76f4\u63a5\u8425\u9500\u6d3b\u52a8\uff08\u5c24\u5176\u662f\u53d1\u9001\u5546\u4e1a\u63a8\u5e7f\u4fe1\u606f\u53ca\u7535\u5b50\u901a\u8baf\uff09\u3002            <\/p><p>2. \u4e2a\u4eba\u6570\u636e\u5904\u7406\u7684\u76ee\u7684\u4e3a\uff1a<br>\u5904\u7406\u60a8\u7684\u8ba2\u5355\u53ca\u5c65\u884c\u7531\u60a8\u4e0e\u7ba1\u7406\u4eba\u4e4b\u95f4\u5408\u540c\u5173\u7cfb\u6240\u4ea7\u751f\u7684\u6743\u5229\u4e0e\u4e49\u52a1\u3002\u8ba2\u5355\u63d0\u4ea4\u65f6\u987b\u63d0\u4f9b\u5904\u7406\u6240\u5fc5\u9700\u7684\u4e2a\u4eba\u6570\u636e\uff08\u59d3\u540d\u3001\u5730\u5740\u3001\u8054\u7cfb\u65b9\u5f0f\u3001\u53d1\u7968\u4fe1\u606f\uff09\uff1b\u63d0\u4f9b\u4e2a\u4eba\u6570\u636e\u662f\u7b7e\u8ba2\u5408\u540c\u7684\u5fc5\u8981\u524d\u63d0\uff0c\u82e5\u4e0d\u63d0\u4f9b\uff0c\u5408\u540c\u5c06\u65e0\u6cd5\u8ba2\u7acb\u6216\u7531\u7ba1\u7406\u4eba\u5c65\u884c\u3002<br>\u5c65\u884c\u5bf9\u56fd\u5bb6\u673a\u5173\u7684\u6cd5\u5b9a\u4e49\u52a1\uff1b<br>\u53d1\u9001\u5546\u4e1a\u63a8\u5e7f\u4fe1\u606f\u53ca\u5f00\u5c55\u5176\u4ed6\u8425\u9500\u6d3b\u52a8\u3002<\/p><p>3. \u7ba1\u7406\u4eba\u4e0d\u8fdb\u884cGDPR\u7b2c22\u6761\u6240\u6307\u7684\u81ea\u52a8\u5316\u4e2a\u4eba\u51b3\u7b56\u3002 <\/p><p><strong>IV. \u6570\u636e\u4fdd\u5b58\u671f\u9650<br><\/strong><br>1. \u7ba1\u7406\u4eba\u4fdd\u5b58\u4e2a\u4eba\u6570\u636e\u7684\u671f\u9650\u4e3a\uff1a<br>\u5c65\u884c\u60a8\u4e0e\u7ba1\u7406\u4eba\u4e4b\u95f4\u5408\u540c\u5173\u7cfb\u6240\u4ea7\u751f\u7684\u6743\u5229\u4e0e\u4e49\u52a1\u53ca\u4e3b\u5f20\u5408\u540c\u6743\u5229\u6240\u5fc5\u9700\u7684\u671f\u9650\uff08\u81ea\u5408\u540c\u5173\u7cfb\u7ec8\u6b62\u4e4b\u65e5\u8d7715\u5e74\uff09\u3002<\/p><p>2. \u4e2a\u4eba\u6570\u636e\u4fdd\u5b58\u671f\u6ee1\u540e\uff0c\u7ba1\u7406\u4eba\u5c06\u4e88\u4ee5\u5220\u9664\u3002<\/p><p><strong>V. \u4e2a\u4eba\u6570\u636e\u63a5\u6536\u65b9\uff08\u7ba1\u7406\u4eba\u7684\u5206\u5305\u5546\uff09<br><\/strong><br>1. \u4e2a\u4eba\u6570\u636e\u7684\u63a5\u6536\u65b9\u5305\u62ec\uff1a<br>\u53c2\u4e0e\u670d\u52a1\u63d0\u4f9b\u53ca\u4f9d\u636e\u5408\u540c\u6267\u884c\u4ed8\u6b3e\u7684\u5404\u65b9\uff1b<br>\u63d0\u4f9b\u7f51\u7ad9\u8fd0\u8425\u53ca\u6d3b\u52a8\u7ba1\u7406\u76f8\u5173\u670d\u52a1\u7684\u5404\u65b9\uff1b<br>\u63d0\u4f9b\u8425\u9500\u670d\u52a1\u7684\u5404\u65b9\u3002<\/p><p><strong>VI. \u4e2a\u4eba\u6570\u636e\u5904\u7406\u65b9 <\/strong><\/p><p>1. \u4e2a\u4eba\u6570\u636e\u7531\u7ba1\u7406\u4eba\u81ea\u884c\u5904\u7406\uff0c\u4ea6\u53ef\u7531\u4ee5\u4e0b\u5904\u7406\u65b9\u4ee3\u4e3a\u5904\u7406\uff1a<br>Google Ads\u53caGoogle Analytics\u670d\u52a1\u63d0\u4f9b\u5546\uff1b<br>\u5176\u4ed6\u7ba1\u7406\u4eba\u76ee\u524d\u672a\u4f7f\u7528\u7684\u6570\u636e\u5904\u7406\u8f6f\u4ef6\u6216\u5e94\u7528\u7a0b\u5e8f\u63d0\u4f9b\u5546\u3002<\/p><p><strong>VII. \u60a8\u7684\u6743\u5229<br><\/strong><br>1. \u4f9d\u636eGDPR\u89c4\u5b9a\u7684\u6761\u4ef6\uff0c\u60a8\u4eab\u6709\u4ee5\u4e0b\u6743\u5229\uff1a<br>\u4f9d\u636eGDPR\u7b2c15\u6761\uff0c\u4eab\u6709\u8bbf\u95ee\u4e2a\u4eba\u6570\u636e\u7684\u6743\u5229\uff1b<br>\u4f9d\u636eGDPR\u7b2c16\u6761\uff0c\u4eab\u6709\u66f4\u6b63\u4e2a\u4eba\u6570\u636e\u7684\u6743\u5229\uff0c\u6216\u4f9d\u636e\u7b2c18\u6761\uff0c\u4eab\u6709\u9650\u5236\u5904\u7406\u7684\u6743\u5229\uff1b<br>\u4f9d\u636eGDPR\u7b2c17\u6761\uff0c\u4eab\u6709\u5220\u9664\u4e2a\u4eba\u6570\u636e\u7684\u6743\u5229\uff1b<br>\u4f9d\u636eGDPR\u7b2c21\u6761\uff0c\u4eab\u6709\u53cd\u5bf9\u5904\u7406\u7684\u6743\u5229\uff1b<br>\u4f9d\u636eGDPR\u7b2c20\u6761\uff0c\u4eab\u6709\u6570\u636e\u53ef\u643a\u6743\uff1b<br>\u4eab\u6709\u4ee5\u4e66\u9762\u6216\u7535\u5b50\u65b9\u5f0f\u5411\u672c\u6761\u6b3e\u7b2cIII\u6761\u6240\u8f7d\u660e\u7684\u7ba1\u7406\u4eba\u5730\u5740\u6216\u7535\u5b50\u90ae\u4ef6\u64a4\u56de\u4e2a\u4eba\u6570\u636e\u5904\u7406\u540c\u610f\u7684\u6743\u5229\u3002       <\/p><p>2. \u6b64\u5916\uff0c\u5982\u60a8\u8ba4\u4e3a\u60a8\u7684\u4e2a\u4eba\u6570\u636e\u4fdd\u62a4\u6743\u5229\u53d7\u5230\u4fb5\u72af\uff0c\u60a8\u6709\u6743\u5411\u4e2a\u4eba\u6570\u636e\u4fdd\u62a4\u5c40\u63d0\u51fa\u6295\u8bc9\uff0c\u6216\u5411\u6cd5\u9662\u5bfb\u6c42\u6551\u6d4e\u3002<\/p><p><strong>VIII. \u4e2a\u4eba\u6570\u636e\u5b89\u5168\u4fdd\u969c\u6761\u4ef6<br><\/strong><br>1. \u7ba1\u7406\u4eba\u58f0\u660e\u5df2\u91c7\u53d6\u4e00\u5207\u9002\u5f53\u7684\u6280\u672f\u63aa\u65bd\u786e\u4fdd\u4e2a\u4eba\u6570\u636e\u5b89\u5168\u3002<br>2. \u7ba1\u7406\u4eba\u5df2\u91c7\u53d6\u6280\u672f\u63aa\u65bd\u4fdd\u62a4\u6570\u636e\u5b58\u50a8\u8bbe\u65bd\u3002<br>3. \u7ba1\u7406\u4eba\u58f0\u660e\uff0c\u4ec5\u7ecf\u5176\u6388\u6743\u7684\u4eba\u5458\u65b9\u53ef\u8bbf\u95ee\u4e2a\u4eba\u6570\u636e\u3002<\/p><p><strong>IX. Cookie\u6587\u4ef6\u7684\u4f7f\u7528<br><\/strong><br>1. Cookie\u662f\u5305\u542b\u5c11\u91cf\u4fe1\u606f\u7684\u6587\u672c\u6587\u4ef6\uff0c\u5728\u60a8\u8bbf\u95ee\u672c\u7f51\u7ad9\u65f6\u4e0b\u8f7d\u81f3\u60a8\u7684\u8bbe\u5907\u3002\u6b64\u540e\uff0c\u6bcf\u6b21\u518d\u6b21\u8bbf\u95ee\u7f51\u7ad9\u65f6\uff0cCookie\u5c06\u88ab\u53d1\u9001\u56de\u672c\u7f51\u7ad9\u6216\u5176\u4ed6\u80fd\u591f\u8bc6\u522b\u5b83\u7684\u7f51\u7ad9\u3002<br>2. Cookie\u6587\u4ef6\u627f\u62c5\u591a\u9879\u529f\u80fd\uff0c\u4f8b\u5982\u5b9e\u73b0\u7f51\u9875\u95f4\u7684\u6709\u6548\u5bfc\u822a\u3001\u8bb0\u4f4f\u60a8\u7684\u504f\u597d\u8bbe\u7f6e\uff0c\u5e76\u603b\u4f53\u4e0a\u63d0\u5347\u7528\u6237\u4f53\u9a8c\u3002Cookie\u8fd8\u53ef\u786e\u4fdd\u5728\u7ebf\u5e7f\u544a\u66f4\u7cbe\u51c6\u5730\u9488\u5bf9\u60a8\u7684\u4e2a\u4eba\u9700\u6c42\u4e0e\u5174\u8da3\u3002<br>3. \u672c\u7f51\u7ad9\u4f7f\u7528\u4ee5\u4e0b\u7c7b\u578b\u7684Cookie\uff1a<br>\u5fc5\u8981Cookie\uff1a\u6b64\u7c7bCookie\u5bf9\u4e8e\u7f51\u7ad9\u57fa\u672c\u529f\u80fd\u4e0d\u53ef\u6216\u7f3a\uff0c\u7f3a\u5c11\u5b83\u4eec\u7f51\u7ad9\u5c06\u65e0\u6cd5\u6b63\u5e38\u8fd0\u884c\u3002\u6b64\u7c7bCookie\u4e0d\u5b58\u50a8\u4efb\u4f55\u4e2a\u4eba\u8eab\u4efd\u4fe1\u606f\u3002<br>4. \u8bf7\u6ce8\u610f\uff0c\u7b2c\u4e09\u65b9\uff08\u5305\u62ec\u5916\u90e8\u670d\u52a1\u63d0\u4f9b\u5546\uff09\u4e5f\u53ef\u80fd\u4f7f\u7528Cookie\uff0c\u6216\u8bbf\u95ee\u672c\u7f51\u7ad9Cookie\u6536\u96c6\u7684\u6570\u636e\u3002<br>5. \u6709\u5173Cookie\u7684\u66f4\u591a\u4fe1\u606f\u53ca\u5176\u6700\u65b0\u5217\u8868\uff0c\u53ef\u901a\u8fc7\u5404\u6d4f\u89c8\u5668\u7684\u300c\u5f00\u53d1\u8005\u5de5\u5177\u300d\u9009\u9879\u67e5\u9605\u3002<br>6. \u60a8\u53ef\u901a\u8fc7Cookie\u63d0\u793a\u680f\u4e2d\u7684\u590d\u9009\u6846\u8868\u8fbe\u540c\u610f\u3002\u6b64\u540e\uff0c\u60a8\u4ea6\u53ef\u5728\u6d4f\u89c8\u5668\u8bbe\u7f6e\u4e2d\u62d2\u7edd\u6240\u6709Cookie\uff0c\u6216\u4ec5\u542f\u7528\u7279\u5b9a\u7c7b\u578b\u7684Cookie\u3002<br>7. \u6709\u5173\u5404\u6d4f\u89c8\u5668Cookie\u7ba1\u7406\u7684\u66f4\u591a\u4fe1\u606f\uff0c\u8bf7\u53c2\u9605\u4ee5\u4e0b\u94fe\u63a5\uff1a<br>     <\/p><p><a href=\"https:\/\/support.microsoft.com\/cs-cz\/help\/17442\/windows-internet-explorer-d%20elete-manage-cookies\" target=\"_blank\" rel=\"noopener\" data-wplink-url-error=\"true\">Internet Explorer<\/a><\/p><p><a href=\"https:\/\/support.google.com\/chrome\/answer\/95647?co=GENIE.Platform%3DDes%20ktop&amp;hl=cs\" target=\"_blank\" rel=\"noopener\" data-wplink-url-error=\"true\">Google Chrome<\/a><\/p><p><a href=\"https:\/\/support.mozilla.org\/cs\/kb\/povoleni-zakazani-cookies\" target=\"_blank\" rel=\"noopener\">Firefox<\/a><\/p><p><a href=\"https:\/\/support.apple.com\/cs-cz\/guide\/safari\/sfri11471\/mac\" target=\"_blank\" rel=\"noopener\">Safari<\/a><\/p><p><a href=\"https:\/\/help.opera.com\/cs\/latest\/security-and-privacy\/\" target=\"_blank\" rel=\"noopener\">Opera<\/a><\/p><p><a href=\"https:\/\/docs.microsoft.com\/cs-cz\/sccm\/compliance\/deploy-use\/browser-profil%20es\" target=\"_blank\" rel=\"noopener\" data-wplink-url-error=\"true\">Microsoft Edge<\/a><\/p><p><strong>X. \u6700\u7ec8\u6761\u6b3e<br><\/strong><br>1. \u901a\u8fc7\u63d0\u4ea4\u7f51\u7edc\u8ba2\u5355\u8868\u5355\uff0c\u60a8\u786e\u8ba4\u5df2\u9605\u8bfb\u5e76\u5b8c\u5168\u63a5\u53d7\u672c\u4e2a\u4eba\u6570\u636e\u4fdd\u62a4\u6761\u6b3e\u3002<br>2. \u60a8\u901a\u8fc7\u5728\u7f51\u7edc\u8868\u5355\u4e2d\u52fe\u9009\u540c\u610f\u6846\u8868\u793a\u63a5\u53d7\u672c\u6761\u6b3e\uff0c\u5373\u786e\u8ba4\u5df2\u9605\u8bfb\u5e76\u5b8c\u5168\u63a5\u53d7\u672c\u4e2a\u4eba\u6570\u636e\u4fdd\u62a4\u6761\u6b3e\u3002<br>3. \u7ba1\u7406\u4eba\u6709\u6743\u4fee\u6539\u672c\u6761\u6b3e\u3002\u4fee\u8ba2\u540e\u7684\u4e2a\u4eba\u6570\u636e\u4fdd\u62a4\u6761\u6b3e\u5c06\u5728\u5176\u7f51\u7ad9\u4e0a\u516c\u5e03\uff0c\u5e76\u540c\u65f6\u4ee5\u7535\u5b50\u90ae\u4ef6\u65b9\u5f0f\u53d1\u9001\u81f3\u60a8\u63d0\u4f9b\u7684\u90ae\u7bb1\u5730\u5740\u3002  <\/p><p>\u672c\u6761\u6b3e\u81ea2026\u5e7402\u670819\u65e5\u8d77\u751f\u6548\u3002<\/p>\t\t\t\t\t\t\t\t<\/div>\n\t\t\t\t\t<\/div>\n\t\t\t\t<\/div>\n\t\t\t\t<\/div>\n\t\t","protected":false},"excerpt":{"rendered":"<p>I. \u57fa\u672c\u89c4\u5b9a 1. \u6839\u636e\u6b27\u6d32\u8bae\u4f1a\u53ca\u6b27\u76df\u7406\u4e8b\u4f1a\uff08EU\uff092016\/679\u53f7\u6761\u4f8b\u7b2c4\u6761\u7b2c7\u6b3e\u7684\u89c4\u5b9a\uff0c\u5c31\u81ea\u7136\u4eba\u4e2a\u4eba\u6570 [&hellip;]<\/p>\n","protected":false},"author":1,"featured_media":0,"parent":0,"menu_order":0,"comment_status":"closed","ping_status":"closed","template":"","meta":{"_acf_changed":false,"footnotes":""},"class_list":["post-2354","page","type-page","status-publish","hentry"],"acf":[],"yoast_head":"<!-- This site is optimized with the Yoast SEO plugin v27.4 - https:\/\/yoast.com\/product\/yoast-seo-wordpress\/ -->\n<title>\u4e2a\u4eba\u6570\u636e\u4fdd\u62a4\u653f\u7b56 - VANS BROS &amp; CO. s. r. o.<\/title>\n<meta name=\"robots\" content=\"noindex, nofollow\" \/>\n<meta property=\"og:locale\" content=\"zh_CN\" \/>\n<meta property=\"og:type\" content=\"article\" \/>\n<meta property=\"og:title\" content=\"\u4e2a\u4eba\u6570\u636e\u4fdd\u62a4\u653f\u7b56 - VANS BROS &amp; CO. s. r. o.\" \/>\n<meta property=\"og:description\" content=\"I. \u57fa\u672c\u89c4\u5b9a 1. \u6839\u636e\u6b27\u6d32\u8bae\u4f1a\u53ca\u6b27\u76df\u7406\u4e8b\u4f1a\uff08EU\uff092016\/679\u53f7\u6761\u4f8b\u7b2c4\u6761\u7b2c7\u6b3e\u7684\u89c4\u5b9a\uff0c\u5c31\u81ea\u7136\u4eba\u4e2a\u4eba\u6570 [&hellip;]\" \/>\n<meta property=\"og:url\" content=\"https:\/\/vansbros.sk\/zh-hans\/%e4%b8%aa%e4%ba%ba%e6%95%b0%e6%8d%ae%e4%bf%9d%e6%8a%a4%e6%94%bf%e7%ad%96\/\" \/>\n<meta property=\"og:site_name\" content=\"VANS BROS &amp; CO. s. r. o.\" \/>\n<meta property=\"article:modified_time\" content=\"2026-04-14T07:47:39+00:00\" \/>\n<meta name=\"twitter:card\" content=\"summary_large_image\" \/>\n<script type=\"application\/ld+json\" class=\"yoast-schema-graph\">{\"@context\":\"https:\\\/\\\/schema.org\",\"@graph\":[{\"@type\":\"WebPage\",\"@id\":\"https:\\\/\\\/vansbros.sk\\\/zh-hans\\\/%e4%b8%aa%e4%ba%ba%e6%95%b0%e6%8d%ae%e4%bf%9d%e6%8a%a4%e6%94%bf%e7%ad%96\\\/\",\"url\":\"https:\\\/\\\/vansbros.sk\\\/zh-hans\\\/%e4%b8%aa%e4%ba%ba%e6%95%b0%e6%8d%ae%e4%bf%9d%e6%8a%a4%e6%94%bf%e7%ad%96\\\/\",\"name\":\"\u4e2a\u4eba\u6570\u636e\u4fdd\u62a4\u653f\u7b56 - VANS BROS &amp; CO. s. r. o.\",\"isPartOf\":{\"@id\":\"https:\\\/\\\/vansbros.sk\\\/zh-hans\\\/#website\"},\"datePublished\":\"2025-09-18T16:46:13+00:00\",\"dateModified\":\"2026-04-14T07:47:39+00:00\",\"breadcrumb\":{\"@id\":\"https:\\\/\\\/vansbros.sk\\\/zh-hans\\\/%e4%b8%aa%e4%ba%ba%e6%95%b0%e6%8d%ae%e4%bf%9d%e6%8a%a4%e6%94%bf%e7%ad%96\\\/#breadcrumb\"},\"inLanguage\":\"zh-Hans\",\"potentialAction\":[{\"@type\":\"ReadAction\",\"target\":[\"https:\\\/\\\/vansbros.sk\\\/zh-hans\\\/%e4%b8%aa%e4%ba%ba%e6%95%b0%e6%8d%ae%e4%bf%9d%e6%8a%a4%e6%94%bf%e7%ad%96\\\/\"]}]},{\"@type\":\"BreadcrumbList\",\"@id\":\"https:\\\/\\\/vansbros.sk\\\/zh-hans\\\/%e4%b8%aa%e4%ba%ba%e6%95%b0%e6%8d%ae%e4%bf%9d%e6%8a%a4%e6%94%bf%e7%ad%96\\\/#breadcrumb\",\"itemListElement\":[{\"@type\":\"ListItem\",\"position\":1,\"name\":\"Dom\u016f\",\"item\":\"https:\\\/\\\/vansbros.sk\\\/zh-hans\\\/\"},{\"@type\":\"ListItem\",\"position\":2,\"name\":\"\u4e2a\u4eba\u6570\u636e\u4fdd\u62a4\u653f\u7b56\"}]},{\"@type\":\"WebSite\",\"@id\":\"https:\\\/\\\/vansbros.sk\\\/zh-hans\\\/#website\",\"url\":\"https:\\\/\\\/vansbros.sk\\\/zh-hans\\\/\",\"name\":\"Vansbros\",\"description\":\"\",\"publisher\":{\"@id\":\"https:\\\/\\\/vansbros.sk\\\/zh-hans\\\/#organization\"},\"potentialAction\":[{\"@type\":\"SearchAction\",\"target\":{\"@type\":\"EntryPoint\",\"urlTemplate\":\"https:\\\/\\\/vansbros.sk\\\/zh-hans\\\/?s={search_term_string}\"},\"query-input\":{\"@type\":\"PropertyValueSpecification\",\"valueRequired\":true,\"valueName\":\"search_term_string\"}}],\"inLanguage\":\"zh-Hans\"},{\"@type\":\"Organization\",\"@id\":\"https:\\\/\\\/vansbros.sk\\\/zh-hans\\\/#organization\",\"name\":\"Vansbros\",\"url\":\"https:\\\/\\\/vansbros.sk\\\/zh-hans\\\/\",\"logo\":{\"@type\":\"ImageObject\",\"inLanguage\":\"zh-Hans\",\"@id\":\"https:\\\/\\\/vansbros.sk\\\/zh-hans\\\/#\\\/schema\\\/logo\\\/image\\\/\",\"url\":\"https:\\\/\\\/vansbros.sk\\\/wp-content\\\/uploads\\\/2025\\\/10\\\/Vans_Logo-farebne-bez-pozadia-09_25-scaled.png\",\"contentUrl\":\"https:\\\/\\\/vansbros.sk\\\/wp-content\\\/uploads\\\/2025\\\/10\\\/Vans_Logo-farebne-bez-pozadia-09_25-scaled.png\",\"width\":2560,\"height\":1916,\"caption\":\"Vansbros\"},\"image\":{\"@id\":\"https:\\\/\\\/vansbros.sk\\\/zh-hans\\\/#\\\/schema\\\/logo\\\/image\\\/\"}}]}<\/script>\n<!-- \/ Yoast SEO plugin. -->","yoast_head_json":{"title":"\u4e2a\u4eba\u6570\u636e\u4fdd\u62a4\u653f\u7b56 - VANS BROS &amp; CO. s. r. o.","robots":{"index":"noindex","follow":"nofollow"},"og_locale":"zh_CN","og_type":"article","og_title":"\u4e2a\u4eba\u6570\u636e\u4fdd\u62a4\u653f\u7b56 - VANS BROS &amp; CO. s. r. o.","og_description":"I. \u57fa\u672c\u89c4\u5b9a 1. \u6839\u636e\u6b27\u6d32\u8bae\u4f1a\u53ca\u6b27\u76df\u7406\u4e8b\u4f1a\uff08EU\uff092016\/679\u53f7\u6761\u4f8b\u7b2c4\u6761\u7b2c7\u6b3e\u7684\u89c4\u5b9a\uff0c\u5c31\u81ea\u7136\u4eba\u4e2a\u4eba\u6570 [&hellip;]","og_url":"https:\/\/vansbros.sk\/zh-hans\/%e4%b8%aa%e4%ba%ba%e6%95%b0%e6%8d%ae%e4%bf%9d%e6%8a%a4%e6%94%bf%e7%ad%96\/","og_site_name":"VANS BROS &amp; CO. s. r. o.","article_modified_time":"2026-04-14T07:47:39+00:00","twitter_card":"summary_large_image","schema":{"@context":"https:\/\/schema.org","@graph":[{"@type":"WebPage","@id":"https:\/\/vansbros.sk\/zh-hans\/%e4%b8%aa%e4%ba%ba%e6%95%b0%e6%8d%ae%e4%bf%9d%e6%8a%a4%e6%94%bf%e7%ad%96\/","url":"https:\/\/vansbros.sk\/zh-hans\/%e4%b8%aa%e4%ba%ba%e6%95%b0%e6%8d%ae%e4%bf%9d%e6%8a%a4%e6%94%bf%e7%ad%96\/","name":"\u4e2a\u4eba\u6570\u636e\u4fdd\u62a4\u653f\u7b56 - VANS BROS &amp; CO. s. r. o.","isPartOf":{"@id":"https:\/\/vansbros.sk\/zh-hans\/#website"},"datePublished":"2025-09-18T16:46:13+00:00","dateModified":"2026-04-14T07:47:39+00:00","breadcrumb":{"@id":"https:\/\/vansbros.sk\/zh-hans\/%e4%b8%aa%e4%ba%ba%e6%95%b0%e6%8d%ae%e4%bf%9d%e6%8a%a4%e6%94%bf%e7%ad%96\/#breadcrumb"},"inLanguage":"zh-Hans","potentialAction":[{"@type":"ReadAction","target":["https:\/\/vansbros.sk\/zh-hans\/%e4%b8%aa%e4%ba%ba%e6%95%b0%e6%8d%ae%e4%bf%9d%e6%8a%a4%e6%94%bf%e7%ad%96\/"]}]},{"@type":"BreadcrumbList","@id":"https:\/\/vansbros.sk\/zh-hans\/%e4%b8%aa%e4%ba%ba%e6%95%b0%e6%8d%ae%e4%bf%9d%e6%8a%a4%e6%94%bf%e7%ad%96\/#breadcrumb","itemListElement":[{"@type":"ListItem","position":1,"name":"Dom\u016f","item":"https:\/\/vansbros.sk\/zh-hans\/"},{"@type":"ListItem","position":2,"name":"\u4e2a\u4eba\u6570\u636e\u4fdd\u62a4\u653f\u7b56"}]},{"@type":"WebSite","@id":"https:\/\/vansbros.sk\/zh-hans\/#website","url":"https:\/\/vansbros.sk\/zh-hans\/","name":"Vansbros","description":"","publisher":{"@id":"https:\/\/vansbros.sk\/zh-hans\/#organization"},"potentialAction":[{"@type":"SearchAction","target":{"@type":"EntryPoint","urlTemplate":"https:\/\/vansbros.sk\/zh-hans\/?s={search_term_string}"},"query-input":{"@type":"PropertyValueSpecification","valueRequired":true,"valueName":"search_term_string"}}],"inLanguage":"zh-Hans"},{"@type":"Organization","@id":"https:\/\/vansbros.sk\/zh-hans\/#organization","name":"Vansbros","url":"https:\/\/vansbros.sk\/zh-hans\/","logo":{"@type":"ImageObject","inLanguage":"zh-Hans","@id":"https:\/\/vansbros.sk\/zh-hans\/#\/schema\/logo\/image\/","url":"https:\/\/vansbros.sk\/wp-content\/uploads\/2025\/10\/Vans_Logo-farebne-bez-pozadia-09_25-scaled.png","contentUrl":"https:\/\/vansbros.sk\/wp-content\/uploads\/2025\/10\/Vans_Logo-farebne-bez-pozadia-09_25-scaled.png","width":2560,"height":1916,"caption":"Vansbros"},"image":{"@id":"https:\/\/vansbros.sk\/zh-hans\/#\/schema\/logo\/image\/"}}]}},"_links":{"self":[{"href":"https:\/\/vansbros.sk\/zh-hans\/wp-json\/wp\/v2\/pages\/2354","targetHints":{"allow":["GET"]}}],"collection":[{"href":"https:\/\/vansbros.sk\/zh-hans\/wp-json\/wp\/v2\/pages"}],"about":[{"href":"https:\/\/vansbros.sk\/zh-hans\/wp-json\/wp\/v2\/types\/page"}],"author":[{"embeddable":true,"href":"https:\/\/vansbros.sk\/zh-hans\/wp-json\/wp\/v2\/users\/1"}],"replies":[{"embeddable":true,"href":"https:\/\/vansbros.sk\/zh-hans\/wp-json\/wp\/v2\/comments?post=2354"}],"version-history":[{"count":1,"href":"https:\/\/vansbros.sk\/zh-hans\/wp-json\/wp\/v2\/pages\/2354\/revisions"}],"predecessor-version":[{"id":2355,"href":"https:\/\/vansbros.sk\/zh-hans\/wp-json\/wp\/v2\/pages\/2354\/revisions\/2355"}],"wp:attachment":[{"href":"https:\/\/vansbros.sk\/zh-hans\/wp-json\/wp\/v2\/media?parent=2354"}],"curies":[{"name":"wp","href":"https:\/\/api.w.org\/{rel}","templated":true}]}}