{"id":2352,"date":"2025-09-18T16:46:13","date_gmt":"2025-09-18T16:46:13","guid":{"rendered":"https:\/\/vansbros.sk\/chinh-sach-bao-ve-du-lieu-ca-nhan\/"},"modified":"2026-04-14T07:19:16","modified_gmt":"2026-04-14T07:19:16","slug":"chinh-sach-bao-ve-du-lieu-ca-nhan","status":"publish","type":"page","link":"https:\/\/vansbros.sk\/vi\/chinh-sach-bao-ve-du-lieu-ca-nhan\/","title":{"rendered":"Ch\u00ednh S\u00e1ch B\u1ea3o V\u1ec7 D\u1eef Li\u1ec7u C\u00e1 Nh\u00e2n"},"content":{"rendered":"\t\t<div data-elementor-type=\"wp-page\" data-elementor-id=\"2352\" class=\"elementor elementor-2352 elementor-3\" data-elementor-post-type=\"page\">\n\t\t\t\t<div class=\"elementor-element elementor-element-530aff06 e-flex e-con-boxed e-con e-parent\" data-id=\"530aff06\" data-element_type=\"container\" data-e-type=\"container\" data-settings=\"{&quot;background_background&quot;:&quot;classic&quot;}\">\n\t\t\t\t\t<div class=\"e-con-inner\">\n\t\t\t\t\t<\/div>\n\t\t\t\t<\/div>\n\t\t<div class=\"elementor-element elementor-element-8577922 e-flex e-con-boxed e-con e-parent\" data-id=\"8577922\" data-element_type=\"container\" data-e-type=\"container\">\n\t\t\t\t\t<div class=\"e-con-inner\">\n\t\t\t\t<div class=\"elementor-element elementor-element-d3ebb1c elementor-widget elementor-widget-heading\" data-id=\"d3ebb1c\" data-element_type=\"widget\" data-e-type=\"widget\" data-widget_type=\"heading.default\">\n\t\t\t\t\t<h1 class=\"elementor-heading-title elementor-size-default\">Ch\u00ednh S\u00e1ch B\u1ea3o V\u1ec7 D\u1eef Li\u1ec7u C\u00e1 Nh\u00e2n<\/h1>\t\t\t\t<\/div>\n\t\t\t\t<div class=\"elementor-element elementor-element-79dfe0f elementor-widget elementor-widget-text-editor\" data-id=\"79dfe0f\" data-element_type=\"widget\" data-e-type=\"widget\" data-widget_type=\"text-editor.default\">\n\t\t\t\t\t\t\t\t\t<p><strong>I. Quy \u0110\u1ecbnh C\u01a1 B\u1ea3n<br><\/strong><\/p><p>1. \u0110\u01a1n v\u1ecb ki\u1ec3m so\u00e1t d\u1eef li\u1ec7u c\u00e1 nh\u00e2n theo \u0110i\u1ec1u 4 kho\u1ea3n 7 Quy \u0111\u1ecbnh (EU) 2016\/679 c\u1ee7a Ngh\u1ecb vi\u1ec7n Ch\u00e2u \u00c2u v\u00e0 H\u1ed9i \u0111\u1ed3ng v\u1ec1 b\u1ea3o v\u1ec7 th\u1ec3 nh\u00e2n li\u00ean quan \u0111\u1ebfn x\u1eed l\u00fd d\u1eef li\u1ec7u c\u00e1 nh\u00e2n v\u00e0 s\u1ef1 l\u01b0u th\u00f4ng t\u1ef1 do c\u1ee7a d\u1eef li\u1ec7u \u0111\u00f3 (Quy \u0111\u1ecbnh B\u1ea3o v\u1ec7 D\u1eef li\u1ec7u Chung \u2013 GDPR) l\u00e0: VANS BROS &amp; CO. s. r. o., M\u00e3 s\u1ed1 doanh nghi\u1ec7p: 54 958 261, tr\u1ee5 s\u1edf t\u1ea1i Sky Park \u2013 \u010culenova 7936\/5A, Bratislava \u2013 mestsk\u00e1 \u010das\u0165 Star\u00e9 Mesto 811 09, \u0111\u01b0\u1ee3c \u0111\u0103ng k\u00fd t\u1ea1i T\u00f2a \u00e1n Huy\u1ec7n Nitra (sau \u0111\u00e2y g\u1ecdi l\u00e0 \u0111\u01a1n v\u1ecb ki\u1ec3m so\u00e1t).<\/p><p>2. <br>Th\u00f4ng tin li\u00ean h\u1ec7 c\u1ee7a \u0111\u01a1n v\u1ecb ki\u1ec3m so\u00e1t:<br>Tr\u1ee5 s\u1edf: Sky Park \u2013 \u010culenova 7936\/5A, Bratislava \u2013 mestsk\u00e1 \u010das\u0165 Star\u00e9 Mesto 811 09<br><br><\/p><p>\u0110\u1ecba ch\u1ec9 th\u01b0 t\u00edn: Sky Park \u2013 \u010culenova 7936\/5A, Bratislava \u2013 mestsk\u00e1 \u010das\u0165 Star\u00e9 Mesto 811 09<br>E-mail: vansbros.info@gmail.com<br>\u0110i\u1ec7n tho\u1ea1i: +421 907 920 950<\/p><p>3. D\u1eef li\u1ec7u c\u00e1 nh\u00e2n l\u00e0 m\u1ecdi th\u00f4ng tin li\u00ean quan \u0111\u1ebfn m\u1ed9t th\u1ec3 nh\u00e2n \u0111\u00e3 \u0111\u01b0\u1ee3c x\u00e1c \u0111\u1ecbnh ho\u1eb7c c\u00f3 th\u1ec3 x\u00e1c \u0111\u1ecbnh; th\u1ec3 nh\u00e2n c\u00f3 th\u1ec3 x\u00e1c \u0111\u1ecbnh l\u00e0 ng\u01b0\u1eddi c\u00f3 th\u1ec3 \u0111\u01b0\u1ee3c nh\u1eadn di\u1ec7n tr\u1ef1c ti\u1ebfp ho\u1eb7c gi\u00e1n ti\u1ebfp, \u0111\u1eb7c bi\u1ec7t th\u00f4ng qua m\u1ed9t \u0111\u1ecbnh danh nh\u01b0 h\u1ecd t\u00ean, m\u00e3 s\u1ed1 \u0111\u1ecbnh danh, d\u1eef li\u1ec7u v\u1ecb tr\u00ed, \u0111\u1ecbnh danh tr\u1ef1c tuy\u1ebfn ho\u1eb7c m\u1ed9t hay nhi\u1ec1u y\u1ebfu t\u1ed1 \u0111\u1eb7c th\u00f9 v\u1ec1 th\u1ec3 ch\u1ea5t, sinh l\u00fd, di truy\u1ec1n, t\u00e2m l\u00fd, kinh t\u1ebf, v\u0103n h\u00f3a ho\u1eb7c x\u00e3 h\u1ed9i c\u1ee7a th\u1ec3 nh\u00e2n \u0111\u00f3.<\/p><p><strong>II. Ngu\u1ed3n G\u1ed1c V\u00e0 Lo\u1ea1i D\u1eef Li\u1ec7u C\u00e1 Nh\u00e2n \u0110\u01b0\u1ee3c X\u1eed L\u00fd<br><\/strong><br>1. \u0110\u01a1n v\u1ecb ki\u1ec3m so\u00e1t x\u1eed l\u00fd d\u1eef li\u1ec7u c\u00e1 nh\u00e2n do ch\u1ee7 th\u1ec3 d\u1eef li\u1ec7u cung c\u1ea5p ho\u1eb7c thu th\u1eadp \u0111\u01b0\u1ee3c trong qu\u00e1 tr\u00ecnh th\u1ef1c hi\u1ec7n \u0111\u01a1n h\u00e0ng:<br>H\u1ecd v\u00e0 t\u00ean<br>\u0110\u1ecba ch\u1ec9 e-mail<br>\u0110\u1ecba ch\u1ec9 b\u01b0u ch\u00ednh<br>S\u1ed1 \u0111i\u1ec7n tho\u1ea1i<br>\u0110\u1ecba ch\u1ec9 \u0111\u0103ng k\u00fd c\u1ee7a c\u00f4ng ty<br>Th\u00f4ng tin h\u00f3a \u0111\u01a1n<\/p><p>2. \u0110\u01a1n v\u1ecb ki\u1ec3m so\u00e1t x\u1eed l\u00fd d\u1eef li\u1ec7u nh\u1eadn d\u1ea1ng, th\u00f4ng tin li\u00ean h\u1ec7 v\u00e0 d\u1eef li\u1ec7u c\u1ea7n thi\u1ebft \u0111\u1ec3 th\u1ef1c hi\u1ec7n h\u1ee3p \u0111\u1ed3ng.<\/p><p><strong>III. C\u0103n C\u1ee9 Ph\u00e1p L\u00fd V\u00e0 M\u1ee5c \u0110\u00edch X\u1eed L\u00fd D\u1eef Li\u1ec7u C\u00e1 Nh\u00e2n<\/strong><br><br>1. C\u0103n c\u1ee9 ph\u00e1p l\u00fd \u0111\u1ec3 x\u1eed l\u00fd d\u1eef li\u1ec7u c\u00e1 nh\u00e2n bao g\u1ed3m:<br>Th\u1ef1c hi\u1ec7n h\u1ee3p \u0111\u1ed3ng gi\u1eefa b\u1ea1n v\u00e0 \u0111\u01a1n v\u1ecb ki\u1ec3m so\u00e1t theo \u0110i\u1ec1u 6 kho\u1ea3n 1 \u0111i\u1ec3m b) GDPR;<br>Tu\u00e2n th\u1ee7 ngh\u0129a v\u1ee5 ph\u00e1p l\u00fd c\u1ee7a \u0111\u01a1n v\u1ecb ki\u1ec3m so\u00e1t theo \u0110i\u1ec1u 6 kho\u1ea3n 1 \u0111i\u1ec3m c) GDPR;<br>L\u1ee3i \u00edch h\u1ee3p ph\u00e1p c\u1ee7a \u0111\u01a1n v\u1ecb ki\u1ec3m so\u00e1t trong vi\u1ec7c th\u1ef1c hi\u1ec7n ti\u1ebfp th\u1ecb tr\u1ef1c ti\u1ebfp (\u0111\u1eb7c bi\u1ec7t l\u00e0 g\u1eedi th\u01b0 th\u01b0\u01a1ng m\u1ea1i v\u00e0 b\u1ea3n tin) theo \u0110i\u1ec1u 6 kho\u1ea3n 1 \u0111i\u1ec3m f) GDPR;<br>S\u1ef1 \u0111\u1ed3ng \u00fd c\u1ee7a b\u1ea1n \u0111\u1ec3 x\u1eed l\u00fd nh\u1eb1m m\u1ee5c \u0111\u00edch ti\u1ebfp th\u1ecb tr\u1ef1c ti\u1ebfp (\u0111\u1eb7c bi\u1ec7t l\u00e0 g\u1eedi th\u01b0 th\u01b0\u01a1ng m\u1ea1i v\u00e0 b\u1ea3n tin) theo \u0110i\u1ec1u 6 kho\u1ea3n 1 \u0111i\u1ec3m a) GDPR trong tr\u01b0\u1eddng h\u1ee3p \u0111\u00e3 c\u00f3 \u0111\u01a1n \u0111\u1eb7t h\u00e0ng h\u00e0ng h\u00f3a ho\u1eb7c d\u1ecbch v\u1ee5.            <\/p><p>2. M\u1ee5c \u0111\u00edch x\u1eed l\u00fd d\u1eef li\u1ec7u c\u00e1 nh\u00e2n bao g\u1ed3m:<br>X\u1eed l\u00fd \u0111\u01a1n h\u00e0ng c\u1ee7a b\u1ea1n v\u00e0 th\u1ef1c hi\u1ec7n c\u00e1c quy\u1ec1n v\u00e0 ngh\u0129a v\u1ee5 ph\u00e1t sinh t\u1eeb quan h\u1ec7 h\u1ee3p \u0111\u1ed3ng gi\u1eefa b\u1ea1n v\u00e0 \u0111\u01a1n v\u1ecb ki\u1ec3m so\u00e1t; khi \u0111\u1eb7t h\u00e0ng, d\u1eef li\u1ec7u c\u00e1 nh\u00e2n c\u1ea7n thi\u1ebft \u0111\u1ec3 x\u1eed l\u00fd th\u00e0nh c\u00f4ng (h\u1ecd t\u00ean, \u0111\u1ecba ch\u1ec9, th\u00f4ng tin li\u00ean h\u1ec7, th\u00f4ng tin h\u00f3a \u0111\u01a1n) l\u00e0 b\u1eaft bu\u1ed9c; vi\u1ec7c cung c\u1ea5p d\u1eef li\u1ec7u c\u00e1 nh\u00e2n l\u00e0 \u0111i\u1ec1u ki\u1ec7n ti\u00ean quy\u1ebft \u0111\u1ec3 k\u00fd k\u1ebft v\u00e0 th\u1ef1c hi\u1ec7n h\u1ee3p \u0111\u1ed3ng.<br>Th\u1ef1c hi\u1ec7n c\u00e1c ngh\u0129a v\u1ee5 ph\u00e1p l\u00fd \u0111\u1ed1i v\u1edbi c\u01a1 quan nh\u00e0 n\u01b0\u1edbc;<br>G\u1eedi th\u01b0 th\u01b0\u01a1ng m\u1ea1i v\u00e0 tri\u1ec3n khai c\u00e1c ho\u1ea1t \u0111\u1ed9ng ti\u1ebfp th\u1ecb kh\u00e1c.<\/p><p>3. \u0110\u01a1n v\u1ecb ki\u1ec3m so\u00e1t kh\u00f4ng th\u1ef1c hi\u1ec7n quy\u1ebft \u0111\u1ecbnh t\u1ef1 \u0111\u1ed9ng theo \u0110i\u1ec1u 22 GDPR. <\/p><p><strong>IV. Th\u1eddi H\u1ea1n L\u01b0u Tr\u1eef D\u1eef Li\u1ec7u<br><\/strong><br>1. \u0110\u01a1n v\u1ecb ki\u1ec3m so\u00e1t l\u01b0u tr\u1eef d\u1eef li\u1ec7u c\u00e1 nh\u00e2n:<br>Trong th\u1eddi gian c\u1ea7n thi\u1ebft \u0111\u1ec3 th\u1ef1c hi\u1ec7n c\u00e1c quy\u1ec1n v\u00e0 ngh\u0129a v\u1ee5 ph\u00e1t sinh t\u1eeb quan h\u1ec7 h\u1ee3p \u0111\u1ed3ng v\u00e0 \u0111\u1ec3 th\u1ef1c hi\u1ec7n c\u00e1c y\u00eau c\u1ea7u t\u1eeb c\u00e1c quan h\u1ec7 h\u1ee3p \u0111\u1ed3ng \u0111\u00f3 (trong v\u00f2ng 15 n\u0103m k\u1ec3 t\u1eeb khi ch\u1ea5m d\u1ee9t quan h\u1ec7 h\u1ee3p \u0111\u1ed3ng).<\/p><p>2. Sau khi h\u1ebft th\u1eddi h\u1ea1n l\u01b0u tr\u1eef, \u0111\u01a1n v\u1ecb ki\u1ec3m so\u00e1t s\u1ebd x\u00f3a d\u1eef li\u1ec7u c\u00e1 nh\u00e2n.<\/p><p>V. <strong>Ng\u01b0\u1eddi Nh\u1eadn D\u1eef Li\u1ec7u C\u00e1 Nh\u00e2n (Nh\u00e0 Th\u1ea7u Ph\u1ee5 C\u1ee7a \u0110\u01a1n V\u1ecb Ki\u1ec3m So\u00e1t)<\/strong><br> <br>1. Ng\u01b0\u1eddi nh\u1eadn d\u1eef li\u1ec7u c\u00e1 nh\u00e2n bao g\u1ed3m:<br>C\u00e1c b\u00ean tham gia cung c\u1ea5p d\u1ecbch v\u1ee5 v\u00e0 th\u1ef1c hi\u1ec7n thanh to\u00e1n theo h\u1ee3p \u0111\u1ed3ng;<br>C\u00e1c b\u00ean cung c\u1ea5p d\u1ecbch v\u1ee5 v\u1eadn h\u00e0nh website v\u00e0 c\u00e1c d\u1ecbch v\u1ee5 li\u00ean quan \u0111\u1ebfn qu\u1ea3n l\u00fd chi\u1ebfn d\u1ecbch;<br>C\u00e1c b\u00ean cung c\u1ea5p d\u1ecbch v\u1ee5 ti\u1ebfp th\u1ecb.<\/p><p><strong>VI. \u0110\u01a1n V\u1ecb X\u1eed L\u00fd D\u1eef Li\u1ec7u C\u00e1 Nh\u00e2n <\/strong><\/p><p>1. Vi\u1ec7c x\u1eed l\u00fd d\u1eef li\u1ec7u c\u00e1 nh\u00e2n do \u0111\u01a1n v\u1ecb ki\u1ec3m so\u00e1t th\u1ef1c hi\u1ec7n; tuy nhi\u00ean, d\u1eef li\u1ec7u c\u00f3 th\u1ec3 \u0111\u01b0\u1ee3c x\u1eed l\u00fd b\u1edfi c\u00e1c \u0111\u01a1n v\u1ecb x\u1eed l\u00fd sau:<br>Nh\u00e0 cung c\u1ea5p d\u1ecbch v\u1ee5 Google Ads v\u00e0 Google Analytics;<br>C\u00e1c nh\u00e0 cung c\u1ea5p ph\u1ea7n m\u1ec1m ho\u1eb7c \u1ee9ng d\u1ee5ng x\u1eed l\u00fd kh\u00e1c m\u00e0 \u0111\u01a1n v\u1ecb ki\u1ec3m so\u00e1t hi\u1ec7n ch\u01b0a s\u1eed d\u1ee5ng.<\/p><p><strong>VII. Quy\u1ec1n C\u1ee7a B\u1ea1n<br><\/strong><br>1. Theo c\u00e1c \u0111i\u1ec1u ki\u1ec7n quy \u0111\u1ecbnh trong GDPR, b\u1ea1n c\u00f3:<br>Quy\u1ec1n truy c\u1eadp d\u1eef li\u1ec7u c\u00e1 nh\u00e2n theo \u0110i\u1ec1u 15 GDPR;<br>Quy\u1ec1n ch\u1ec9nh s\u1eeda d\u1eef li\u1ec7u c\u00e1 nh\u00e2n theo \u0110i\u1ec1u 16 GDPR, ho\u1eb7c h\u1ea1n ch\u1ebf x\u1eed l\u00fd theo \u0110i\u1ec1u 18 GDPR;<br>Quy\u1ec1n x\u00f3a d\u1eef li\u1ec7u c\u00e1 nh\u00e2n theo \u0110i\u1ec1u 17 GDPR;<br>Quy\u1ec1n ph\u1ea3n \u0111\u1ed1i vi\u1ec7c x\u1eed l\u00fd theo \u0110i\u1ec1u 21 GDPR;<br>Quy\u1ec1n chuy\u1ec3n d\u1eef li\u1ec7u theo \u0110i\u1ec1u 20 GDPR;<br>Quy\u1ec1n r\u00fat l\u1ea1i s\u1ef1 \u0111\u1ed3ng \u00fd x\u1eed l\u00fd d\u1eef li\u1ec7u c\u00e1 nh\u00e2n b\u1eb1ng v\u0103n b\u1ea3n ho\u1eb7c \u0111i\u1ec7n t\u1eed g\u1eedi \u0111\u1ebfn \u0111\u1ecba ch\u1ec9 ho\u1eb7c e-mail c\u1ee7a \u0111\u01a1n v\u1ecb ki\u1ec3m so\u00e1t \u0111\u01b0\u1ee3c ghi t\u1ea1i \u0110i\u1ec1u III c\u1ee7a \u0111i\u1ec1u kho\u1ea3n n\u00e0y.       <\/p><p>2. Ngo\u00e0i ra, n\u1ebfu b\u1ea1n cho r\u1eb1ng quy\u1ec1n b\u1ea3o v\u1ec7 d\u1eef li\u1ec7u c\u00e1 nh\u00e2n c\u1ee7a m\u00ecnh b\u1ecb vi ph\u1ea1m, b\u1ea1n c\u00f3 quy\u1ec1n g\u1eedi khi\u1ebfu n\u1ea1i \u0111\u1ebfn C\u01a1 quan B\u1ea3o v\u1ec7 D\u1eef li\u1ec7u C\u00e1 nh\u00e2n ho\u1eb7c kh\u1edfi ki\u1ec7n ra t\u00f2a \u00e1n.<\/p><p><strong>VIII. \u0110i\u1ec1u Ki\u1ec7n B\u1ea3o M\u1eadt D\u1eef Li\u1ec7u C\u00e1 Nh\u00e2n<\/strong><br><br><br>1. \u0110\u01a1n v\u1ecb ki\u1ec3m so\u00e1t tuy\u00ean b\u1ed1 \u0111\u00e3 \u00e1p d\u1ee5ng m\u1ecdi bi\u1ec7n ph\u00e1p k\u1ef9 thu\u1eadt ph\u00f9 h\u1ee3p \u0111\u1ec3 b\u1ea3o m\u1eadt d\u1eef li\u1ec7u c\u00e1 nh\u00e2n.<br>2. \u0110\u01a1n v\u1ecb ki\u1ec3m so\u00e1t \u0111\u00e3 \u00e1p d\u1ee5ng c\u00e1c bi\u1ec7n ph\u00e1p k\u1ef9 thu\u1eadt \u0111\u1ec3 b\u1ea3o v\u1ec7 h\u1ec7 th\u1ed1ng l\u01b0u tr\u1eef d\u1eef li\u1ec7u.<br>3. \u0110\u01a1n v\u1ecb ki\u1ec3m so\u00e1t tuy\u00ean b\u1ed1 r\u1eb1ng ch\u1ec9 nh\u1eefng ng\u01b0\u1eddi \u0111\u01b0\u1ee3c \u1ee7y quy\u1ec1n m\u1edbi c\u00f3 quy\u1ec1n truy c\u1eadp d\u1eef li\u1ec7u c\u00e1 nh\u00e2n.<\/p><p><strong>IX. S\u1eed D\u1ee5ng T\u1ec7p Cookie<br><\/strong><br>1. Cookie l\u00e0 c\u00e1c t\u1ec7p v\u0103n b\u1ea3n ch\u1ee9a m\u1ed9t l\u01b0\u1ee3ng nh\u1ecf th\u00f4ng tin, \u0111\u01b0\u1ee3c t\u1ea3i xu\u1ed1ng thi\u1ebft b\u1ecb c\u1ee7a b\u1ea1n khi b\u1ea1n truy c\u1eadp trang web c\u1ee7a ch\u00fang t\u00f4i. Sau \u0111\u00f3, c\u00e1c t\u1ec7p cookie n\u00e0y \u0111\u01b0\u1ee3c g\u1eedi l\u1ea1i \u0111\u1ebfn trang web ho\u1eb7c trang web kh\u00e1c c\u00f3 kh\u1ea3 n\u0103ng nh\u1eadn d\u1ea1ng ch\u00fang trong m\u1ed7i l\u1ea7n truy c\u1eadp ti\u1ebfp theo.<br>2. T\u1ec7p cookie th\u1ef1c hi\u1ec7n nhi\u1ec1u ch\u1ee9c n\u0103ng kh\u00e1c nhau, v\u00ed d\u1ee5 nh\u01b0 h\u1ed7 tr\u1ee3 \u0111i\u1ec1u h\u01b0\u1edbng hi\u1ec7u qu\u1ea3 gi\u1eefa c\u00e1c trang web, ghi nh\u1edb t\u00f9y ch\u1ecdn c\u1ee7a b\u1ea1n v\u00e0 nh\u00ecn chung c\u1ea3i thi\u1ec7n tr\u1ea3i nghi\u1ec7m ng\u01b0\u1eddi d\u00f9ng. Cookie c\u0169ng c\u00f3 th\u1ec3 gi\u00fap c\u00e1c qu\u1ea3ng c\u00e1o tr\u1ef1c tuy\u1ebfn \u0111\u01b0\u1ee3c c\u00e1 nh\u00e2n h\u00f3a ph\u00f9 h\u1ee3p h\u01a1n v\u1edbi nhu c\u1ea7u v\u00e0 s\u1edf th\u00edch c\u1ee7a b\u1ea1n.<br>3. Tr\u00ean trang web, ch\u00fang t\u00f4i s\u1eed d\u1ee5ng c\u00e1c lo\u1ea1i cookie sau:<br>Cookie c\u1ea7n thi\u1ebft: \u0110\u00e2y l\u00e0 c\u00e1c cookie thi\u1ebft y\u1ebfu cho c\u00e1c ch\u1ee9c n\u0103ng c\u01a1 b\u1ea3n c\u1ee7a trang web; n\u1ebfu thi\u1ebfu ch\u00fang, trang web s\u1ebd kh\u00f4ng ho\u1ea1t \u0111\u1ed9ng \u0111\u00fang nh\u01b0 mong mu\u1ed1n. C\u00e1c cookie n\u00e0y kh\u00f4ng l\u01b0u tr\u1eef b\u1ea5t k\u1ef3 th\u00f4ng tin nh\u1eadn d\u1ea1ng c\u00e1 nh\u00e2n n\u00e0o.<br>4. Xin l\u01b0u \u00fd r\u1eb1ng c\u00e1c b\u00ean th\u1ee9 ba (bao g\u1ed3m nh\u00e0 cung c\u1ea5p d\u1ecbch v\u1ee5 b\u00ean ngo\u00e0i) c\u0169ng c\u00f3 th\u1ec3 s\u1eed d\u1ee5ng cookie v\u00e0\/ho\u1eb7c truy c\u1eadp d\u1eef li\u1ec7u \u0111\u01b0\u1ee3c thu th\u1eadp qua cookie tr\u00ean trang web.<br>5. Th\u00f4ng tin th\u00eam v\u1ec1 cookie v\u00e0 danh s\u00e1ch c\u1eadp nh\u1eadt c\u00f3 th\u1ec3 \u0111\u01b0\u1ee3c t\u00ecm th\u1ea5y th\u00f4ng qua c\u00e1c tr\u00ecnh duy\u1ec7t web, th\u01b0\u1eddng trong m\u1ee5c C\u00f4ng c\u1ee5 Nh\u00e0 ph\u00e1t tri\u1ec3n.<br>6. S\u1ef1 \u0111\u1ed3ng \u00fd c\u00f3 th\u1ec3 \u0111\u01b0\u1ee3c th\u1ec3 hi\u1ec7n th\u00f4ng qua \u00f4 \u0111\u00e1nh d\u1ea5u trong thanh cookie. B\u1ea1n c\u0169ng c\u00f3 th\u1ec3 t\u1eeb ch\u1ed1i t\u1ea5t c\u1ea3 cookie trong c\u00e0i \u0111\u1eb7t tr\u00ecnh duy\u1ec7t ho\u1eb7c ch\u1ec9 cho ph\u00e9p m\u1ed9t s\u1ed1 lo\u1ea1i cookie nh\u1ea5t \u0111\u1ecbnh.<br>7. Th\u00f4ng tin th\u00eam v\u1ec1 qu\u1ea3n l\u00fd cookie trong t\u1eebng tr\u00ecnh duy\u1ec7t c\u00f3 th\u1ec3 xem t\u1ea1i c\u00e1c li\u00ean k\u1ebft sau:<br>     <\/p><p><a href=\"https:\/\/support.microsoft.com\/cs-cz\/help\/17442\/windows-internet-explorer-d%20elete-manage-cookies\" target=\"_blank\" rel=\"noopener\" data-wplink-url-error=\"true\">Internet Explorer<\/a><\/p><p><a href=\"https:\/\/support.google.com\/chrome\/answer\/95647?co=GENIE.Platform%3DDes%20ktop&amp;hl=cs\" target=\"_blank\" rel=\"noopener\" data-wplink-url-error=\"true\">Google Chrome<\/a><\/p><p><a href=\"https:\/\/support.mozilla.org\/cs\/kb\/povoleni-zakazani-cookies\" target=\"_blank\" rel=\"noopener\">Firefox<\/a><\/p><p><a href=\"https:\/\/support.apple.com\/cs-cz\/guide\/safari\/sfri11471\/mac\" target=\"_blank\" rel=\"noopener\">Safari<\/a><\/p><p><a href=\"https:\/\/help.opera.com\/cs\/latest\/security-and-privacy\/\" target=\"_blank\" rel=\"noopener\">Opera<\/a><\/p><p><a href=\"https:\/\/docs.microsoft.com\/cs-cz\/sccm\/compliance\/deploy-use\/browser-profil%20es\" target=\"_blank\" rel=\"noopener\" data-wplink-url-error=\"true\">Microsoft Edge<\/a><\/p><p><strong>X. \u0110i\u1ec1u Kho\u1ea3n Cu\u1ed1i C\u00f9ng<br><\/strong><br>1. B\u1eb1ng c\u00e1ch g\u1eedi \u0111\u01a1n h\u00e0ng qua bi\u1ec3u m\u1eabu \u0111\u1eb7t h\u00e0ng tr\u1ef1c tuy\u1ebfn, b\u1ea1n x\u00e1c nh\u1eadn \u0111\u00e3 \u0111\u1ecdc v\u00e0 ch\u1ea5p nh\u1eadn to\u00e0n b\u1ed9 c\u00e1c \u0111i\u1ec1u kho\u1ea3n b\u1ea3o v\u1ec7 d\u1eef li\u1ec7u c\u00e1 nh\u00e2n n\u00e0y.<br>2. B\u1ea1n \u0111\u1ed3ng \u00fd v\u1edbi c\u00e1c \u0111i\u1ec1u kho\u1ea3n n\u00e0y b\u1eb1ng c\u00e1ch \u0111\u00e1nh d\u1ea5u v\u00e0o \u00f4 \u0111\u1ed3ng \u00fd trong bi\u1ec3u m\u1eabu tr\u1ef1c tuy\u1ebfn. Vi\u1ec7c \u0111\u00e1nh d\u1ea5u x\u00e1c nh\u1eadn b\u1ea1n \u0111\u00e3 \u0111\u1ecdc v\u00e0 ch\u1ea5p nh\u1eadn to\u00e0n b\u1ed9 c\u00e1c \u0111i\u1ec1u kho\u1ea3n b\u1ea3o v\u1ec7 d\u1eef li\u1ec7u c\u00e1 nh\u00e2n.<br>3. \u0110\u01a1n v\u1ecb ki\u1ec3m so\u00e1t c\u00f3 quy\u1ec1n s\u1eeda \u0111\u1ed5i c\u00e1c \u0111i\u1ec1u kho\u1ea3n n\u00e0y. Phi\u00ean b\u1ea3n m\u1edbi c\u1ee7a \u0111i\u1ec1u kho\u1ea3n b\u1ea3o v\u1ec7 d\u1eef li\u1ec7u c\u00e1 nh\u00e2n s\u1ebd \u0111\u01b0\u1ee3c c\u00f4ng b\u1ed1 tr\u00ean trang web v\u00e0 \u0111\u1ed3ng th\u1eddi \u0111\u01b0\u1ee3c g\u1eedi \u0111\u1ebfn \u0111\u1ecba ch\u1ec9 e-mail b\u1ea1n \u0111\u00e3 cung c\u1ea5p cho \u0111\u01a1n v\u1ecb ki\u1ec3m so\u00e1t.<br>  <\/p><p>C\u00e1c \u0111i\u1ec1u kho\u1ea3n n\u00e0y c\u00f3 hi\u1ec7u l\u1ef1c k\u1ec3 t\u1eeb ng\u00e0y 19.02.2026.<\/p>\t\t\t\t\t\t\t\t<\/div>\n\t\t\t\t\t<\/div>\n\t\t\t\t<\/div>\n\t\t\t\t<\/div>\n\t\t","protected":false},"excerpt":{"rendered":"<p>I. Quy \u0110\u1ecbnh C\u01a1 B\u1ea3n 1. \u0110\u01a1n v\u1ecb ki\u1ec3m so\u00e1t d\u1eef li\u1ec7u c\u00e1 nh\u00e2n theo \u0110i\u1ec1u 4 kho\u1ea3n 7 Quy \u0111\u1ecbnh (EU) 2016\/679 c\u1ee7a Ngh\u1ecb vi\u1ec7n Ch\u00e2u \u00c2u v\u00e0 H\u1ed9i \u0111\u1ed3ng v\u1ec1 b\u1ea3o v\u1ec7 th\u1ec3 nh\u00e2n li\u00ean quan \u0111\u1ebfn x\u1eed l\u00fd d\u1eef li\u1ec7u c\u00e1 nh\u00e2n v\u00e0 s\u1ef1 l\u01b0u th\u00f4ng t\u1ef1 do c\u1ee7a d\u1eef li\u1ec7u \u0111\u00f3 [&hellip;]<\/p>\n","protected":false},"author":1,"featured_media":0,"parent":0,"menu_order":0,"comment_status":"closed","ping_status":"closed","template":"","meta":{"_acf_changed":false,"footnotes":""},"class_list":["post-2352","page","type-page","status-publish","hentry"],"acf":[],"yoast_head":"<!-- This site is optimized with the Yoast SEO plugin v27.4 - https:\/\/yoast.com\/product\/yoast-seo-wordpress\/ -->\n<title>Ch\u00ednh S\u00e1ch B\u1ea3o V\u1ec7 D\u1eef Li\u1ec7u C\u00e1 Nh\u00e2n - VANS BROS &amp; CO. s. r. o.<\/title>\n<meta name=\"robots\" content=\"noindex, nofollow\" \/>\n<meta property=\"og:locale\" content=\"vi_VN\" \/>\n<meta property=\"og:type\" content=\"article\" \/>\n<meta property=\"og:title\" content=\"Ch\u00ednh S\u00e1ch B\u1ea3o V\u1ec7 D\u1eef Li\u1ec7u C\u00e1 Nh\u00e2n - VANS BROS &amp; CO. s. r. o.\" \/>\n<meta property=\"og:description\" content=\"I. Quy \u0110\u1ecbnh C\u01a1 B\u1ea3n 1. \u0110\u01a1n v\u1ecb ki\u1ec3m so\u00e1t d\u1eef li\u1ec7u c\u00e1 nh\u00e2n theo \u0110i\u1ec1u 4 kho\u1ea3n 7 Quy \u0111\u1ecbnh (EU) 2016\/679 c\u1ee7a Ngh\u1ecb vi\u1ec7n Ch\u00e2u \u00c2u v\u00e0 H\u1ed9i \u0111\u1ed3ng v\u1ec1 b\u1ea3o v\u1ec7 th\u1ec3 nh\u00e2n li\u00ean quan \u0111\u1ebfn x\u1eed l\u00fd d\u1eef li\u1ec7u c\u00e1 nh\u00e2n v\u00e0 s\u1ef1 l\u01b0u th\u00f4ng t\u1ef1 do c\u1ee7a d\u1eef li\u1ec7u \u0111\u00f3 [&hellip;]\" \/>\n<meta property=\"og:url\" content=\"https:\/\/vansbros.sk\/vi\/chinh-sach-bao-ve-du-lieu-ca-nhan\/\" \/>\n<meta property=\"og:site_name\" content=\"VANS BROS &amp; CO. s. r. o.\" \/>\n<meta property=\"article:modified_time\" content=\"2026-04-14T07:19:16+00:00\" \/>\n<meta name=\"twitter:card\" content=\"summary_large_image\" \/>\n<meta name=\"twitter:label1\" content=\"\u01af\u1edbc t\u00ednh th\u1eddi gian \u0111\u1ecdc\" \/>\n\t<meta name=\"twitter:data1\" content=\"11 ph\u00fat\" \/>\n<script type=\"application\/ld+json\" class=\"yoast-schema-graph\">{\"@context\":\"https:\\\/\\\/schema.org\",\"@graph\":[{\"@type\":\"WebPage\",\"@id\":\"https:\\\/\\\/vansbros.sk\\\/vi\\\/chinh-sach-bao-ve-du-lieu-ca-nhan\\\/\",\"url\":\"https:\\\/\\\/vansbros.sk\\\/vi\\\/chinh-sach-bao-ve-du-lieu-ca-nhan\\\/\",\"name\":\"Ch\u00ednh S\u00e1ch B\u1ea3o V\u1ec7 D\u1eef Li\u1ec7u C\u00e1 Nh\u00e2n - VANS BROS &amp; CO. s. r. o.\",\"isPartOf\":{\"@id\":\"https:\\\/\\\/vansbros.sk\\\/vi\\\/#website\"},\"datePublished\":\"2025-09-18T16:46:13+00:00\",\"dateModified\":\"2026-04-14T07:19:16+00:00\",\"breadcrumb\":{\"@id\":\"https:\\\/\\\/vansbros.sk\\\/vi\\\/chinh-sach-bao-ve-du-lieu-ca-nhan\\\/#breadcrumb\"},\"inLanguage\":\"vi\",\"potentialAction\":[{\"@type\":\"ReadAction\",\"target\":[\"https:\\\/\\\/vansbros.sk\\\/vi\\\/chinh-sach-bao-ve-du-lieu-ca-nhan\\\/\"]}]},{\"@type\":\"BreadcrumbList\",\"@id\":\"https:\\\/\\\/vansbros.sk\\\/vi\\\/chinh-sach-bao-ve-du-lieu-ca-nhan\\\/#breadcrumb\",\"itemListElement\":[{\"@type\":\"ListItem\",\"position\":1,\"name\":\"Dom\u016f\",\"item\":\"https:\\\/\\\/vansbros.sk\\\/vi\\\/vans-bros-co-s-r-o\\\/\"},{\"@type\":\"ListItem\",\"position\":2,\"name\":\"Ch\u00ednh S\u00e1ch B\u1ea3o V\u1ec7 D\u1eef Li\u1ec7u C\u00e1 Nh\u00e2n\"}]},{\"@type\":\"WebSite\",\"@id\":\"https:\\\/\\\/vansbros.sk\\\/vi\\\/#website\",\"url\":\"https:\\\/\\\/vansbros.sk\\\/vi\\\/\",\"name\":\"Vansbros\",\"description\":\"\",\"publisher\":{\"@id\":\"https:\\\/\\\/vansbros.sk\\\/vi\\\/#organization\"},\"potentialAction\":[{\"@type\":\"SearchAction\",\"target\":{\"@type\":\"EntryPoint\",\"urlTemplate\":\"https:\\\/\\\/vansbros.sk\\\/vi\\\/?s={search_term_string}\"},\"query-input\":{\"@type\":\"PropertyValueSpecification\",\"valueRequired\":true,\"valueName\":\"search_term_string\"}}],\"inLanguage\":\"vi\"},{\"@type\":\"Organization\",\"@id\":\"https:\\\/\\\/vansbros.sk\\\/vi\\\/#organization\",\"name\":\"Vansbros\",\"url\":\"https:\\\/\\\/vansbros.sk\\\/vi\\\/\",\"logo\":{\"@type\":\"ImageObject\",\"inLanguage\":\"vi\",\"@id\":\"https:\\\/\\\/vansbros.sk\\\/vi\\\/#\\\/schema\\\/logo\\\/image\\\/\",\"url\":\"https:\\\/\\\/vansbros.sk\\\/wp-content\\\/uploads\\\/2025\\\/10\\\/Vans_Logo-farebne-bez-pozadia-09_25-scaled.png\",\"contentUrl\":\"https:\\\/\\\/vansbros.sk\\\/wp-content\\\/uploads\\\/2025\\\/10\\\/Vans_Logo-farebne-bez-pozadia-09_25-scaled.png\",\"width\":2560,\"height\":1916,\"caption\":\"Vansbros\"},\"image\":{\"@id\":\"https:\\\/\\\/vansbros.sk\\\/vi\\\/#\\\/schema\\\/logo\\\/image\\\/\"}}]}<\/script>\n<!-- \/ Yoast SEO plugin. -->","yoast_head_json":{"title":"Ch\u00ednh S\u00e1ch B\u1ea3o V\u1ec7 D\u1eef Li\u1ec7u C\u00e1 Nh\u00e2n - VANS BROS &amp; CO. s. r. o.","robots":{"index":"noindex","follow":"nofollow"},"og_locale":"vi_VN","og_type":"article","og_title":"Ch\u00ednh S\u00e1ch B\u1ea3o V\u1ec7 D\u1eef Li\u1ec7u C\u00e1 Nh\u00e2n - VANS BROS &amp; CO. s. r. o.","og_description":"I. Quy \u0110\u1ecbnh C\u01a1 B\u1ea3n 1. \u0110\u01a1n v\u1ecb ki\u1ec3m so\u00e1t d\u1eef li\u1ec7u c\u00e1 nh\u00e2n theo \u0110i\u1ec1u 4 kho\u1ea3n 7 Quy \u0111\u1ecbnh (EU) 2016\/679 c\u1ee7a Ngh\u1ecb vi\u1ec7n Ch\u00e2u \u00c2u v\u00e0 H\u1ed9i \u0111\u1ed3ng v\u1ec1 b\u1ea3o v\u1ec7 th\u1ec3 nh\u00e2n li\u00ean quan \u0111\u1ebfn x\u1eed l\u00fd d\u1eef li\u1ec7u c\u00e1 nh\u00e2n v\u00e0 s\u1ef1 l\u01b0u th\u00f4ng t\u1ef1 do c\u1ee7a d\u1eef li\u1ec7u \u0111\u00f3 [&hellip;]","og_url":"https:\/\/vansbros.sk\/vi\/chinh-sach-bao-ve-du-lieu-ca-nhan\/","og_site_name":"VANS BROS &amp; CO. s. r. o.","article_modified_time":"2026-04-14T07:19:16+00:00","twitter_card":"summary_large_image","twitter_misc":{"\u01af\u1edbc t\u00ednh th\u1eddi gian \u0111\u1ecdc":"11 ph\u00fat"},"schema":{"@context":"https:\/\/schema.org","@graph":[{"@type":"WebPage","@id":"https:\/\/vansbros.sk\/vi\/chinh-sach-bao-ve-du-lieu-ca-nhan\/","url":"https:\/\/vansbros.sk\/vi\/chinh-sach-bao-ve-du-lieu-ca-nhan\/","name":"Ch\u00ednh S\u00e1ch B\u1ea3o V\u1ec7 D\u1eef Li\u1ec7u C\u00e1 Nh\u00e2n - VANS BROS &amp; CO. s. r. o.","isPartOf":{"@id":"https:\/\/vansbros.sk\/vi\/#website"},"datePublished":"2025-09-18T16:46:13+00:00","dateModified":"2026-04-14T07:19:16+00:00","breadcrumb":{"@id":"https:\/\/vansbros.sk\/vi\/chinh-sach-bao-ve-du-lieu-ca-nhan\/#breadcrumb"},"inLanguage":"vi","potentialAction":[{"@type":"ReadAction","target":["https:\/\/vansbros.sk\/vi\/chinh-sach-bao-ve-du-lieu-ca-nhan\/"]}]},{"@type":"BreadcrumbList","@id":"https:\/\/vansbros.sk\/vi\/chinh-sach-bao-ve-du-lieu-ca-nhan\/#breadcrumb","itemListElement":[{"@type":"ListItem","position":1,"name":"Dom\u016f","item":"https:\/\/vansbros.sk\/vi\/vans-bros-co-s-r-o\/"},{"@type":"ListItem","position":2,"name":"Ch\u00ednh S\u00e1ch B\u1ea3o V\u1ec7 D\u1eef Li\u1ec7u C\u00e1 Nh\u00e2n"}]},{"@type":"WebSite","@id":"https:\/\/vansbros.sk\/vi\/#website","url":"https:\/\/vansbros.sk\/vi\/","name":"Vansbros","description":"","publisher":{"@id":"https:\/\/vansbros.sk\/vi\/#organization"},"potentialAction":[{"@type":"SearchAction","target":{"@type":"EntryPoint","urlTemplate":"https:\/\/vansbros.sk\/vi\/?s={search_term_string}"},"query-input":{"@type":"PropertyValueSpecification","valueRequired":true,"valueName":"search_term_string"}}],"inLanguage":"vi"},{"@type":"Organization","@id":"https:\/\/vansbros.sk\/vi\/#organization","name":"Vansbros","url":"https:\/\/vansbros.sk\/vi\/","logo":{"@type":"ImageObject","inLanguage":"vi","@id":"https:\/\/vansbros.sk\/vi\/#\/schema\/logo\/image\/","url":"https:\/\/vansbros.sk\/wp-content\/uploads\/2025\/10\/Vans_Logo-farebne-bez-pozadia-09_25-scaled.png","contentUrl":"https:\/\/vansbros.sk\/wp-content\/uploads\/2025\/10\/Vans_Logo-farebne-bez-pozadia-09_25-scaled.png","width":2560,"height":1916,"caption":"Vansbros"},"image":{"@id":"https:\/\/vansbros.sk\/vi\/#\/schema\/logo\/image\/"}}]}},"_links":{"self":[{"href":"https:\/\/vansbros.sk\/vi\/wp-json\/wp\/v2\/pages\/2352","targetHints":{"allow":["GET"]}}],"collection":[{"href":"https:\/\/vansbros.sk\/vi\/wp-json\/wp\/v2\/pages"}],"about":[{"href":"https:\/\/vansbros.sk\/vi\/wp-json\/wp\/v2\/types\/page"}],"author":[{"embeddable":true,"href":"https:\/\/vansbros.sk\/vi\/wp-json\/wp\/v2\/users\/1"}],"replies":[{"embeddable":true,"href":"https:\/\/vansbros.sk\/vi\/wp-json\/wp\/v2\/comments?post=2352"}],"version-history":[{"count":1,"href":"https:\/\/vansbros.sk\/vi\/wp-json\/wp\/v2\/pages\/2352\/revisions"}],"predecessor-version":[{"id":2353,"href":"https:\/\/vansbros.sk\/vi\/wp-json\/wp\/v2\/pages\/2352\/revisions\/2353"}],"wp:attachment":[{"href":"https:\/\/vansbros.sk\/vi\/wp-json\/wp\/v2\/media?parent=2352"}],"curies":[{"name":"wp","href":"https:\/\/api.w.org\/{rel}","templated":true}]}}