{"id":1943,"date":"2025-09-18T16:46:13","date_gmt":"2025-09-18T16:46:13","guid":{"rendered":"https:\/\/vansbros.sk\/adatvedelmi-tajekoztato\/"},"modified":"2026-03-02T08:30:11","modified_gmt":"2026-03-02T08:30:11","slug":"adatvedelmi-tajekoztato","status":"publish","type":"page","link":"https:\/\/vansbros.sk\/hu\/adatvedelmi-tajekoztato\/","title":{"rendered":"Adatv\u00e9delmi t\u00e1j\u00e9koztat\u00f3"},"content":{"rendered":"\t\t<div data-elementor-type=\"wp-page\" data-elementor-id=\"1943\" class=\"elementor elementor-1943 elementor-3\" data-elementor-post-type=\"page\">\n\t\t\t\t<div class=\"elementor-element elementor-element-530aff06 e-flex e-con-boxed e-con e-parent\" data-id=\"530aff06\" data-element_type=\"container\" data-e-type=\"container\" data-settings=\"{&quot;background_background&quot;:&quot;classic&quot;}\">\n\t\t\t\t\t<div class=\"e-con-inner\">\n\t\t\t\t\t<\/div>\n\t\t\t\t<\/div>\n\t\t<div class=\"elementor-element elementor-element-8577922 e-flex e-con-boxed e-con e-parent\" data-id=\"8577922\" data-element_type=\"container\" data-e-type=\"container\">\n\t\t\t\t\t<div class=\"e-con-inner\">\n\t\t\t\t<div class=\"elementor-element elementor-element-d3ebb1c elementor-widget elementor-widget-heading\" data-id=\"d3ebb1c\" data-element_type=\"widget\" data-e-type=\"widget\" data-widget_type=\"heading.default\">\n\t\t\t\t\t<h1 class=\"elementor-heading-title elementor-size-default\">Adatv\u00e9delmi t\u00e1j\u00e9koztat\u00f3<\/h1>\t\t\t\t<\/div>\n\t\t\t\t<div class=\"elementor-element elementor-element-79dfe0f elementor-widget elementor-widget-text-editor\" data-id=\"79dfe0f\" data-element_type=\"widget\" data-e-type=\"widget\" data-widget_type=\"text-editor.default\">\n\t\t\t\t\t\t\t\t\t<p><strong>I. Alapvet\u0151 rendelkez\u00e9sek<br><\/strong><\/p>\n<p><br>1. Az adatkezel\u0151 a term\u00e9szetes szem\u00e9lyek szem\u00e9lyes adatainak kezel\u00e9se tekintet\u00e9ben az (EU) 2016\/679 eur\u00f3pai parlamenti \u00e9s tan\u00e1csi rendelet (GDPR) 4. cikk 7. pontja szerint: VANS BROS &amp; CO. s. r. o., c\u00e9gjegyz\u00e9ksz\u00e1m: 54 958 261, sz\u00e9khely: Sky Park \u2013 \u010culenova 7936\/5A, Bratislava \u2013 Star\u00e9 Mesto v\u00e1rosr\u00e9sz 811 09, bejegyezve a Nyitrai J\u00e1r\u00e1sb\u00edr\u00f3s\u00e1g c\u00e9gjegyz\u00e9k\u00e9ben (a tov\u00e1bbiakban: \u201eadatkezel\u0151\u201d).<br><br>2. Az adatkezel\u0151 el\u00e9rhet\u0151s\u00e9gei:<br>Sz\u00e9khely: Sky Park \u2013 \u010culenova 7936\/5A, Bratislava \u2013 Star\u00e9 Mesto v\u00e1rosr\u00e9sz 811 09<\/p>\n<p>Levelez\u00e9si c\u00edm: Sky Park \u2013 \u010culenova 7936\/5A, Bratislava \u2013 Star\u00e9 Mesto v\u00e1rosr\u00e9sz 811 09<br>E-mail: vansbros.info@gmail.com<br>Telefon: +421 907 920 950<br><br>3. Szem\u00e9lyes adat minden olyan inform\u00e1ci\u00f3, amely azonos\u00edtott vagy azonos\u00edthat\u00f3 term\u00e9szetes szem\u00e9lyre vonatkozik.<br><br><strong>II. A kezelt szem\u00e9lyes adatok forr\u00e1sai \u00e9s kateg\u00f3ri\u00e1i<br><\/strong><br>1. Az adatkezel\u0151 az al\u00e1bbi szem\u00e9lyes adatokat kezeli:<br>&#8211; n\u00e9v \u00e9s vezet\u00e9kn\u00e9v<br>&#8211; e-mail c\u00edm<br>&#8211; postai c\u00edm<br>&#8211; telefonsz\u00e1m<br>&#8211; c\u00e9g sz\u00e9khelye<br>&#8211; sz\u00e1ml\u00e1z\u00e1si adatok<br><br>2. Az adatkezel\u0151 azonos\u00edt\u00e1si \u00e9s kapcsolattart\u00e1si adatokat, valamint a szerz\u0151d\u00e9s teljes\u00edt\u00e9s\u00e9hez sz\u00fcks\u00e9ges adatokat kezeli.<br><br><strong>III. A szem\u00e9lyes adatok kezel\u00e9s\u00e9nek jogalapja \u00e9s c\u00e9lja<\/strong><br> <br>1. A szem\u00e9lyes adatok kezel\u00e9s\u00e9nek jogalapja:<br>&#8211; szerz\u0151d\u00e9s teljes\u00edt\u00e9se (GDPR 6. cikk (1) b))<br>&#8211; jogi k\u00f6telezetts\u00e9g teljes\u00edt\u00e9se (GDPR 6. cikk (1) c))<br>&#8211; jogos \u00e9rdek (GDPR 6. cikk (1) f))<br>&#8211; hozz\u00e1j\u00e1rul\u00e1s (GDPR 6. cikk (1) a))            <br><br>2. Az adatkezel\u00e9s c\u00e9lja:<br>&#8211; megrendel\u00e9s feldolgoz\u00e1sa<br>&#8211; jogi k\u00f6telezetts\u00e9gek teljes\u00edt\u00e9se<br><br><br>&#8211; marketingtev\u00e9kenys\u00e9g <br><br><strong>IV. Az adatok meg\u0151rz\u00e9s\u00e9nek id\u0151tartama<\/strong><br><br>Az adatkezel\u0151 a szem\u00e9lyes adatokat a szerz\u0151d\u00e9s megsz\u0171n\u00e9s\u00e9t k\u00f6vet\u0151en legfeljebb 15 \u00e9vig \u0151rzi.<br><br><strong>V. A szem\u00e9lyes adatok c\u00edmzettjei<\/strong><br> <br>&#8211; szolg\u00e1ltat\u00f3k \u00e9s fizet\u00e9si partnerek<br>&#8211; weboldal \u00fczemeltet\u0151k<br>&#8211; marketing szolg\u00e1ltat\u00f3k<br><br><br><strong>VI. Adatfeldolgoz\u00f3k <\/strong><br><br>&#8211; Google Ads<br>&#8211; Google Analytics<br><br><strong>VII. Az \u00d6n jogai<\/strong>       <br><br>\u00d6n jogosult hozz\u00e1f\u00e9rni adataihoz, k\u00e9rni azok helyesb\u00edt\u00e9s\u00e9t, t\u00f6rl\u00e9s\u00e9t, korl\u00e1toz\u00e1s\u00e1t, tiltakozni az adatkezel\u00e9s ellen, valamint \u00e9lni az adathordozhat\u00f3s\u00e1g jog\u00e1val.<br><br><strong>VIII. A szem\u00e9lyes adatok biztons\u00e1ga<br><\/strong><br>Az adatkezel\u0151 megfelel\u0151 technikai \u00e9s szervez\u00e9si int\u00e9zked\u00e9seket alkalmaz az adatok v\u00e9delme \u00e9rdek\u00e9ben.<br><br><strong>IX. Cookie-k haszn\u00e1lata<\/strong><br> <br>A weboldal m\u0171k\u00f6d\u00e9s\u00e9hez sz\u00fcks\u00e9ges cookie-kat haszn\u00e1lunk. A cookie-k kezel\u00e9se a b\u00f6ng\u00e9sz\u0151 be\u00e1ll\u00edt\u00e1saiban m\u00f3dos\u00edthat\u00f3.     <\/p>\n<p><a href=\"https:\/\/support.microsoft.com\/cs-cz\/help\/17442\/windows-internet-explorer-d%20elete-manage-cookies\" target=\"_blank\" rel=\"noopener\" data-wplink-url-error=\"true\">Internet Explorer<\/a><\/p>\n<p><a href=\"https:\/\/support.google.com\/chrome\/answer\/95647?co=GENIE.Platform%3DDes%20ktop&amp;hl=cs\" target=\"_blank\" rel=\"noopener\" data-wplink-url-error=\"true\">Google Chrome<\/a><\/p>\n<p><a href=\"https:\/\/support.mozilla.org\/cs\/kb\/povoleni-zakazani-cookies\" target=\"_blank\" rel=\"noopener\">Firefox<\/a><\/p>\n<p><a href=\"https:\/\/support.apple.com\/cs-cz\/guide\/safari\/sfri11471\/mac\" target=\"_blank\" rel=\"noopener\">Safari<\/a><\/p>\n<p><a href=\"https:\/\/help.opera.com\/cs\/latest\/security-and-privacy\/\" target=\"_blank\" rel=\"noopener\">Opera<\/a><\/p>\n<p><a href=\"https:\/\/docs.microsoft.com\/cs-cz\/sccm\/compliance\/deploy-use\/browser-profil%20es\" target=\"_blank\" rel=\"noopener\" data-wplink-url-error=\"true\">Microsoft Edge<\/a><\/p>\n<p>X. Z\u00e1r\u00f3 rendelkez\u00e9sek<br><br>A megrendel\u00e9s elk\u00fcld\u00e9s\u00e9vel \u00d6n elfogadja jelen adatv\u00e9delmi felt\u00e9teleket.  <br><br>Jelen felt\u00e9telek 2026.02.19. napj\u00e1t\u00f3l hat\u00e1lyosak.<\/p>\n<p> <\/p>\t\t\t\t\t\t\t\t<\/div>\n\t\t\t\t\t<\/div>\n\t\t\t\t<\/div>\n\t\t\t\t<\/div>\n\t\t","protected":false},"excerpt":{"rendered":"<p>I. Alapvet\u0151 rendelkez\u00e9sek 1. Az adatkezel\u0151 a term\u00e9szetes szem\u00e9lyek szem\u00e9lyes adatainak kezel\u00e9se tekintet\u00e9ben az (EU) 2016\/679 eur\u00f3pai parlamenti \u00e9s tan\u00e1csi rendelet (GDPR) 4. cikk 7. pontja szerint: VANS BROS &amp; CO. s. r. o., c\u00e9gjegyz\u00e9ksz\u00e1m: 54 958 261, sz\u00e9khely: Sky Park \u2013 \u010culenova 7936\/5A, Bratislava \u2013 Star\u00e9 Mesto v\u00e1rosr\u00e9sz 811 09, bejegyezve a Nyitrai J\u00e1r\u00e1sb\u00edr\u00f3s\u00e1g [&hellip;]<\/p>\n","protected":false},"author":1,"featured_media":0,"parent":0,"menu_order":0,"comment_status":"closed","ping_status":"closed","template":"","meta":{"_acf_changed":false,"footnotes":""},"class_list":["post-1943","page","type-page","status-publish","hentry"],"acf":[],"yoast_head":"<!-- This site is optimized with the Yoast SEO plugin v27.4 - https:\/\/yoast.com\/product\/yoast-seo-wordpress\/ -->\n<title>Adatv\u00e9delmi t\u00e1j\u00e9koztat\u00f3 - VANS BROS &amp; CO. s. r. o.<\/title>\n<meta name=\"robots\" content=\"noindex, nofollow\" \/>\n<meta property=\"og:locale\" content=\"hu_HU\" \/>\n<meta property=\"og:type\" content=\"article\" \/>\n<meta property=\"og:title\" content=\"Adatv\u00e9delmi t\u00e1j\u00e9koztat\u00f3 - VANS BROS &amp; CO. s. r. o.\" \/>\n<meta property=\"og:description\" content=\"I. Alapvet\u0151 rendelkez\u00e9sek 1. Az adatkezel\u0151 a term\u00e9szetes szem\u00e9lyek szem\u00e9lyes adatainak kezel\u00e9se tekintet\u00e9ben az (EU) 2016\/679 eur\u00f3pai parlamenti \u00e9s tan\u00e1csi rendelet (GDPR) 4. cikk 7. pontja szerint: VANS BROS &amp; CO. s. r. o., c\u00e9gjegyz\u00e9ksz\u00e1m: 54 958 261, sz\u00e9khely: Sky Park \u2013 \u010culenova 7936\/5A, Bratislava \u2013 Star\u00e9 Mesto v\u00e1rosr\u00e9sz 811 09, bejegyezve a Nyitrai J\u00e1r\u00e1sb\u00edr\u00f3s\u00e1g [&hellip;]\" \/>\n<meta property=\"og:url\" content=\"https:\/\/vansbros.sk\/hu\/adatvedelmi-tajekoztato\/\" \/>\n<meta property=\"og:site_name\" content=\"VANS BROS &amp; CO. s. r. o.\" \/>\n<meta property=\"article:modified_time\" content=\"2026-03-02T08:30:11+00:00\" \/>\n<meta name=\"twitter:card\" content=\"summary_large_image\" \/>\n<meta name=\"twitter:label1\" content=\"Becs\u00fclt olvas\u00e1si id\u0151\" \/>\n\t<meta name=\"twitter:data1\" content=\"2 perc\" \/>\n<script type=\"application\/ld+json\" class=\"yoast-schema-graph\">{\"@context\":\"https:\\\/\\\/schema.org\",\"@graph\":[{\"@type\":\"WebPage\",\"@id\":\"https:\\\/\\\/vansbros.sk\\\/hu\\\/adatvedelmi-tajekoztato\\\/\",\"url\":\"https:\\\/\\\/vansbros.sk\\\/hu\\\/adatvedelmi-tajekoztato\\\/\",\"name\":\"Adatv\u00e9delmi t\u00e1j\u00e9koztat\u00f3 - VANS BROS &amp; CO. s. r. o.\",\"isPartOf\":{\"@id\":\"https:\\\/\\\/vansbros.sk\\\/hu\\\/#website\"},\"datePublished\":\"2025-09-18T16:46:13+00:00\",\"dateModified\":\"2026-03-02T08:30:11+00:00\",\"breadcrumb\":{\"@id\":\"https:\\\/\\\/vansbros.sk\\\/hu\\\/adatvedelmi-tajekoztato\\\/#breadcrumb\"},\"inLanguage\":\"hu\",\"potentialAction\":[{\"@type\":\"ReadAction\",\"target\":[\"https:\\\/\\\/vansbros.sk\\\/hu\\\/adatvedelmi-tajekoztato\\\/\"]}]},{\"@type\":\"BreadcrumbList\",\"@id\":\"https:\\\/\\\/vansbros.sk\\\/hu\\\/adatvedelmi-tajekoztato\\\/#breadcrumb\",\"itemListElement\":[{\"@type\":\"ListItem\",\"position\":1,\"name\":\"Dom\u016f\",\"item\":\"https:\\\/\\\/vansbros.sk\\\/hu\\\/vans-bros-co-s-r-o\\\/\"},{\"@type\":\"ListItem\",\"position\":2,\"name\":\"Adatv\u00e9delmi t\u00e1j\u00e9koztat\u00f3\"}]},{\"@type\":\"WebSite\",\"@id\":\"https:\\\/\\\/vansbros.sk\\\/hu\\\/#website\",\"url\":\"https:\\\/\\\/vansbros.sk\\\/hu\\\/\",\"name\":\"Vansbros\",\"description\":\"\",\"publisher\":{\"@id\":\"https:\\\/\\\/vansbros.sk\\\/hu\\\/#organization\"},\"potentialAction\":[{\"@type\":\"SearchAction\",\"target\":{\"@type\":\"EntryPoint\",\"urlTemplate\":\"https:\\\/\\\/vansbros.sk\\\/hu\\\/?s={search_term_string}\"},\"query-input\":{\"@type\":\"PropertyValueSpecification\",\"valueRequired\":true,\"valueName\":\"search_term_string\"}}],\"inLanguage\":\"hu\"},{\"@type\":\"Organization\",\"@id\":\"https:\\\/\\\/vansbros.sk\\\/hu\\\/#organization\",\"name\":\"Vansbros\",\"url\":\"https:\\\/\\\/vansbros.sk\\\/hu\\\/\",\"logo\":{\"@type\":\"ImageObject\",\"inLanguage\":\"hu\",\"@id\":\"https:\\\/\\\/vansbros.sk\\\/hu\\\/#\\\/schema\\\/logo\\\/image\\\/\",\"url\":\"https:\\\/\\\/vansbros.sk\\\/wp-content\\\/uploads\\\/2025\\\/10\\\/Vans_Logo-farebne-bez-pozadia-09_25-scaled.png\",\"contentUrl\":\"https:\\\/\\\/vansbros.sk\\\/wp-content\\\/uploads\\\/2025\\\/10\\\/Vans_Logo-farebne-bez-pozadia-09_25-scaled.png\",\"width\":2560,\"height\":1916,\"caption\":\"Vansbros\"},\"image\":{\"@id\":\"https:\\\/\\\/vansbros.sk\\\/hu\\\/#\\\/schema\\\/logo\\\/image\\\/\"}}]}<\/script>\n<!-- \/ Yoast SEO plugin. -->","yoast_head_json":{"title":"Adatv\u00e9delmi t\u00e1j\u00e9koztat\u00f3 - VANS BROS &amp; CO. s. r. o.","robots":{"index":"noindex","follow":"nofollow"},"og_locale":"hu_HU","og_type":"article","og_title":"Adatv\u00e9delmi t\u00e1j\u00e9koztat\u00f3 - VANS BROS &amp; CO. s. r. o.","og_description":"I. Alapvet\u0151 rendelkez\u00e9sek 1. Az adatkezel\u0151 a term\u00e9szetes szem\u00e9lyek szem\u00e9lyes adatainak kezel\u00e9se tekintet\u00e9ben az (EU) 2016\/679 eur\u00f3pai parlamenti \u00e9s tan\u00e1csi rendelet (GDPR) 4. cikk 7. pontja szerint: VANS BROS &amp; CO. s. r. o., c\u00e9gjegyz\u00e9ksz\u00e1m: 54 958 261, sz\u00e9khely: Sky Park \u2013 \u010culenova 7936\/5A, Bratislava \u2013 Star\u00e9 Mesto v\u00e1rosr\u00e9sz 811 09, bejegyezve a Nyitrai J\u00e1r\u00e1sb\u00edr\u00f3s\u00e1g [&hellip;]","og_url":"https:\/\/vansbros.sk\/hu\/adatvedelmi-tajekoztato\/","og_site_name":"VANS BROS &amp; CO. s. r. o.","article_modified_time":"2026-03-02T08:30:11+00:00","twitter_card":"summary_large_image","twitter_misc":{"Becs\u00fclt olvas\u00e1si id\u0151":"2 perc"},"schema":{"@context":"https:\/\/schema.org","@graph":[{"@type":"WebPage","@id":"https:\/\/vansbros.sk\/hu\/adatvedelmi-tajekoztato\/","url":"https:\/\/vansbros.sk\/hu\/adatvedelmi-tajekoztato\/","name":"Adatv\u00e9delmi t\u00e1j\u00e9koztat\u00f3 - VANS BROS &amp; CO. s. r. o.","isPartOf":{"@id":"https:\/\/vansbros.sk\/hu\/#website"},"datePublished":"2025-09-18T16:46:13+00:00","dateModified":"2026-03-02T08:30:11+00:00","breadcrumb":{"@id":"https:\/\/vansbros.sk\/hu\/adatvedelmi-tajekoztato\/#breadcrumb"},"inLanguage":"hu","potentialAction":[{"@type":"ReadAction","target":["https:\/\/vansbros.sk\/hu\/adatvedelmi-tajekoztato\/"]}]},{"@type":"BreadcrumbList","@id":"https:\/\/vansbros.sk\/hu\/adatvedelmi-tajekoztato\/#breadcrumb","itemListElement":[{"@type":"ListItem","position":1,"name":"Dom\u016f","item":"https:\/\/vansbros.sk\/hu\/vans-bros-co-s-r-o\/"},{"@type":"ListItem","position":2,"name":"Adatv\u00e9delmi t\u00e1j\u00e9koztat\u00f3"}]},{"@type":"WebSite","@id":"https:\/\/vansbros.sk\/hu\/#website","url":"https:\/\/vansbros.sk\/hu\/","name":"Vansbros","description":"","publisher":{"@id":"https:\/\/vansbros.sk\/hu\/#organization"},"potentialAction":[{"@type":"SearchAction","target":{"@type":"EntryPoint","urlTemplate":"https:\/\/vansbros.sk\/hu\/?s={search_term_string}"},"query-input":{"@type":"PropertyValueSpecification","valueRequired":true,"valueName":"search_term_string"}}],"inLanguage":"hu"},{"@type":"Organization","@id":"https:\/\/vansbros.sk\/hu\/#organization","name":"Vansbros","url":"https:\/\/vansbros.sk\/hu\/","logo":{"@type":"ImageObject","inLanguage":"hu","@id":"https:\/\/vansbros.sk\/hu\/#\/schema\/logo\/image\/","url":"https:\/\/vansbros.sk\/wp-content\/uploads\/2025\/10\/Vans_Logo-farebne-bez-pozadia-09_25-scaled.png","contentUrl":"https:\/\/vansbros.sk\/wp-content\/uploads\/2025\/10\/Vans_Logo-farebne-bez-pozadia-09_25-scaled.png","width":2560,"height":1916,"caption":"Vansbros"},"image":{"@id":"https:\/\/vansbros.sk\/hu\/#\/schema\/logo\/image\/"}}]}},"_links":{"self":[{"href":"https:\/\/vansbros.sk\/hu\/wp-json\/wp\/v2\/pages\/1943","targetHints":{"allow":["GET"]}}],"collection":[{"href":"https:\/\/vansbros.sk\/hu\/wp-json\/wp\/v2\/pages"}],"about":[{"href":"https:\/\/vansbros.sk\/hu\/wp-json\/wp\/v2\/types\/page"}],"author":[{"embeddable":true,"href":"https:\/\/vansbros.sk\/hu\/wp-json\/wp\/v2\/users\/1"}],"replies":[{"embeddable":true,"href":"https:\/\/vansbros.sk\/hu\/wp-json\/wp\/v2\/comments?post=1943"}],"version-history":[{"count":1,"href":"https:\/\/vansbros.sk\/hu\/wp-json\/wp\/v2\/pages\/1943\/revisions"}],"predecessor-version":[{"id":1944,"href":"https:\/\/vansbros.sk\/hu\/wp-json\/wp\/v2\/pages\/1943\/revisions\/1944"}],"wp:attachment":[{"href":"https:\/\/vansbros.sk\/hu\/wp-json\/wp\/v2\/media?parent=1943"}],"curies":[{"name":"wp","href":"https:\/\/api.w.org\/{rel}","templated":true}]}}